{"id":12294,"date":"2026-05-11T18:27:55","date_gmt":"2026-05-11T16:27:55","guid":{"rendered":"https:\/\/www.dieriegersburg.at\/?page_id=12294"},"modified":"2026-05-12T13:36:39","modified_gmt":"2026-05-12T11:36:39","slug":"literatur","status":"publish","type":"page","link":"https:\/\/www.dieriegersburg.at\/en\/literatur\/","title":{"rendered":"Literature"},"content":{"rendered":"<div data-elementor-type=\"wp-page\" data-elementor-id=\"12294\" class=\"elementor elementor-12294\" data-elementor-post-type=\"page\">\n\t\t\t\t\t\t<section class=\"elementor-section elementor-top-section elementor-element elementor-element-c9317df elementor-section-full_width elementor-section-height-default elementor-section-height-default parallax_section_no qode_elementor_container_no\" data-id=\"c9317df\" data-element_type=\"section\" data-e-type=\"section\" data-settings=\"{&quot;background_background&quot;:&quot;gradient&quot;}\">\n\t\t\t\t\t\t<div class=\"elementor-container elementor-column-gap-default\">\n\t\t\t\t\t<div class=\"elementor-column elementor-col-100 elementor-top-column elementor-element elementor-element-922a8bf\" data-id=\"922a8bf\" data-element_type=\"column\" data-e-type=\"column\" data-settings=\"{&quot;background_background&quot;:&quot;classic&quot;}\">\n\t\t\t<div class=\"elementor-widget-wrap elementor-element-populated\">\n\t\t\t\t\t\t<div class=\"elementor-element elementor-element-db66c90 elementor-widget elementor-widget-spacer\" data-id=\"db66c90\" data-element_type=\"widget\" data-e-type=\"widget\" data-widget_type=\"spacer.default\">\n\t\t\t\t<div class=\"elementor-widget-container\">\n\t\t\t\t\t\t\t<div class=\"elementor-spacer\">\n\t\t\t<div class=\"elementor-spacer-inner\"><\/div>\n\t\t<\/div>\n\t\t\t\t\t\t<\/div>\n\t\t\t\t<\/div>\n\t\t\t\t\t<\/div>\n\t\t<\/div>\n\t\t\t\t\t<\/div>\n\t\t<\/section>\n\t\t\t\t<section class=\"elementor-section elementor-top-section elementor-element elementor-element-d5e759e elementor-section-boxed elementor-section-height-default elementor-section-height-default parallax_section_no qode_elementor_container_no\" data-id=\"d5e759e\" data-element_type=\"section\" data-e-type=\"section\" data-settings=\"{&quot;background_background&quot;:&quot;classic&quot;}\">\n\t\t\t\t\t\t\t<div class=\"elementor-background-overlay\"><\/div>\n\t\t\t\t\t\t\t<div class=\"elementor-container elementor-column-gap-default\">\n\t\t\t\t\t<div class=\"elementor-column elementor-col-100 elementor-top-column elementor-element elementor-element-d5b3c90\" data-id=\"d5b3c90\" data-element_type=\"column\" data-e-type=\"column\" data-settings=\"{&quot;background_background&quot;:&quot;classic&quot;}\">\n\t\t\t<div class=\"elementor-widget-wrap elementor-element-populated\">\n\t\t\t\t\t<div class=\"elementor-background-overlay\"><\/div>\n\t\t\t\t\t\t<div class=\"elementor-element elementor-element-bf29f77 elementor-invisible elementor-widget elementor-widget-heading\" data-id=\"bf29f77\" data-element_type=\"widget\" data-e-type=\"widget\" data-settings=\"{&quot;_animation&quot;:&quot;fadeInLeft&quot;}\" data-widget_type=\"heading.default\">\n\t\t\t\t<div class=\"elementor-widget-container\">\n\t\t\t\t\t<h1 class=\"elementor-heading-title elementor-size-default\">LITERATURE<\/h1>\t\t\t\t<\/div>\n\t\t\t\t<\/div>\n\t\t\t\t\t<\/div>\n\t\t<\/div>\n\t\t\t\t\t<\/div>\n\t\t<\/section>\n\t\t\t\t<section class=\"elementor-section elementor-top-section elementor-element elementor-element-5396c05 elementor-section-boxed elementor-section-height-default elementor-section-height-default parallax_section_no qode_elementor_container_no\" data-id=\"5396c05\" data-element_type=\"section\" data-e-type=\"section\" data-settings=\"{&quot;background_background&quot;:&quot;classic&quot;}\">\n\t\t\t\t\t\t<div class=\"elementor-container elementor-column-gap-default\">\n\t\t\t\t\t<div class=\"elementor-column elementor-col-100 elementor-top-column elementor-element elementor-element-daf0f95\" data-id=\"daf0f95\" data-element_type=\"column\" data-e-type=\"column\">\n\t\t\t<div class=\"elementor-widget-wrap elementor-element-populated\">\n\t\t\t\t\t\t<div class=\"elementor-element elementor-element-b7203ed elementor-widget elementor-widget-heading\" data-id=\"b7203ed\" data-element_type=\"widget\" data-e-type=\"widget\" data-widget_type=\"heading.default\">\n\t\t\t\t<div class=\"elementor-widget-container\">\n\t\t\t\t\t<h2 class=\"elementor-heading-title elementor-size-default\">Die Riegersburg<\/h2>\t\t\t\t<\/div>\n\t\t\t\t<\/div>\n\t\t\t\t<div class=\"elementor-element elementor-element-223a669 elementor-widget elementor-widget-text-editor\" data-id=\"223a669\" data-element_type=\"widget\" data-e-type=\"widget\" data-widget_type=\"text-editor.default\">\n\t\t\t\t<div class=\"elementor-widget-container\">\n\t\t\t\t\t\t\t\t\t<h5><span style=\"color: #ffffff;\">Eine Festung im Wandel der Zeit<\/span><\/h5>\t\t\t\t\t\t\t\t<\/div>\n\t\t\t\t<\/div>\n\t\t\t\t<div class=\"elementor-element elementor-element-4f45788 elementor-widget elementor-widget-text-editor\" data-id=\"4f45788\" data-element_type=\"widget\" data-e-type=\"widget\" data-widget_type=\"text-editor.default\">\n\t\t\t\t<div class=\"elementor-widget-container\">\n\t\t\t\t\t\t\t\t\t<p><span style=\"color: #ffffff;\">by Walter M. Iber<\/span><\/p>\t\t\t\t\t\t\t\t<\/div>\n\t\t\t\t<\/div>\n\t\t\t\t\t<\/div>\n\t\t<\/div>\n\t\t\t\t\t<\/div>\n\t\t<\/section>\n\t\t\t\t<section class=\"elementor-section elementor-top-section elementor-element elementor-element-11d37c0 elementor-reverse-mobile elementor-section-boxed elementor-section-height-default elementor-section-height-default parallax_section_no qode_elementor_container_no\" data-id=\"11d37c0\" data-element_type=\"section\" data-e-type=\"section\" data-settings=\"{&quot;background_background&quot;:&quot;gradient&quot;}\">\n\t\t\t\t\t\t<div class=\"elementor-container elementor-column-gap-default\">\n\t\t\t\t\t<div class=\"elementor-column elementor-col-50 elementor-top-column elementor-element elementor-element-1f5b473\" data-id=\"1f5b473\" data-element_type=\"column\" data-e-type=\"column\" data-settings=\"{&quot;background_background&quot;:&quot;classic&quot;}\">\n\t\t\t<div class=\"elementor-widget-wrap elementor-element-populated\">\n\t\t\t\t\t\t<div class=\"elementor-element elementor-element-e5c0a90 elementor-widget elementor-widget-text-editor\" data-id=\"e5c0a90\" data-element_type=\"widget\" data-e-type=\"widget\" data-widget_type=\"text-editor.default\">\n\t\t\t\t<div class=\"elementor-widget-container\">\n\t\t\t\t\t\t\t\t\t<p class=\"translation-block\">Discover the fascinating history of one of Austria\u2019s most impressive castles \u2013 from its medieval beginnings and its role as a military stronghold to its present-day importance as a tourist attraction.<br>At the invitation of the Liechtenstein family, Graz historian Walter M. Iber wrote a modern castle guide in German that combines well-founded knowledge with vivid presentation. Richly illustrated throughout, the book shows the architectural development, defensive technology, and courtly life behind the walls of Riegersburg Castle.<\/p>\t\t\t\t\t\t\t\t<\/div>\n\t\t\t\t<\/div>\n\t\t\t\t<div class=\"elementor-element elementor-element-bc541e6 elementor-widget elementor-widget-text-editor\" data-id=\"bc541e6\" data-element_type=\"widget\" data-e-type=\"widget\" data-widget_type=\"text-editor.default\">\n\t\t\t\t<div class=\"elementor-widget-container\">\n\t\t\t\t\t\t\t\t\t<p class=\"translation-block\"><strong>Die Riegersburg \u2013 Eine Festung im Wandel der Zeit<\/strong> <strong>(in German)<\/strong><br>Author: Walter M. Iber<br><br>176 pages, numerous illustrations<br>Leykam University Press<br>ISBN: 978-3-7011-0591-5<br><br>Price: \u20ac 24.90<br><br><strong>Available in all Riegersburg Castle shops, in bookshops and in the online shop<\/strong><\/p>\t\t\t\t\t\t\t\t<\/div>\n\t\t\t\t<\/div>\n\t\t\t\t<div class=\"elementor-element elementor-element-8953351 elementor-align-left elementor-widget elementor-widget-button\" data-id=\"8953351\" data-element_type=\"widget\" data-e-type=\"widget\" data-widget_type=\"button.default\">\n\t\t\t\t<div class=\"elementor-widget-container\">\n\t\t\t\t\t\t\t\t\t<div class=\"elementor-button-wrapper\">\n\t\t\t\t\t<a class=\"elementor-button elementor-button-link elementor-size-sm\" href=\"https:\/\/shop.dieriegersburg.at\/produkt\/30028\/\" target=\"_blank\">\n\t\t\t\t\t\t<span class=\"elementor-button-content-wrapper\">\n\t\t\t\t\t\t\t\t\t<span class=\"elementor-button-text\">ORDER BOOK ONLINE<\/span>\n\t\t\t\t\t<\/span>\n\t\t\t\t\t<\/a>\n\t\t\t\t<\/div>\n\t\t\t\t\t\t\t\t<\/div>\n\t\t\t\t<\/div>\n\t\t\t\t<div class=\"elementor-element elementor-element-68bcd89 elementor-widget elementor-widget-text-editor\" data-id=\"68bcd89\" data-element_type=\"widget\" data-e-type=\"widget\" data-widget_type=\"text-editor.default\">\n\t\t\t\t<div class=\"elementor-widget-container\">\n\t\t\t\t\t\t\t\t\t<p class=\"translation-block\">For bulk orders (e.g. bookshops), please contact our office directly:<b><br><\/b>Office: <b><a href=\"tel:+43315382135\" target=\"_blank\" rel=\"noreferrer noopener\">+43 3153 82 13-5<\/a><\/b> (mornings)<b><br><\/b>E-mail:<b> <a href=\"mailto:buchversand@dieriegersburg.at?subject=Inquiryviawebsitewww.dieriegersburg.at\" target=\"_blank\" rel=\"noopener\">buchversand@dieriegersburg.at<\/a><\/b><\/p>\t\t\t\t\t\t\t\t<\/div>\n\t\t\t\t<\/div>\n\t\t\t\t\t<\/div>\n\t\t<\/div>\n\t\t\t\t<div class=\"elementor-column elementor-col-50 elementor-top-column elementor-element elementor-element-56d9e0a\" data-id=\"56d9e0a\" data-element_type=\"column\" data-e-type=\"column\">\n\t\t\t<div class=\"elementor-widget-wrap elementor-element-populated\">\n\t\t\t\t\t\t<div class=\"elementor-element elementor-element-7e9e13d elementor-invisible elementor-widget elementor-widget-image\" data-id=\"7e9e13d\" data-element_type=\"widget\" data-e-type=\"widget\" data-settings=\"{&quot;_animation&quot;:&quot;fadeInRight&quot;}\" data-widget_type=\"image.default\">\n\t\t\t\t<div class=\"elementor-widget-container\">\n\t\t\t\t\t\t\t\t\t\t\t\t\t\t\t\t<a href=\"https:\/\/www.dieriegersburg.at\/wp-content\/uploads\/2026\/05\/Die-Riegersburg-Eine-Festung-im-Wandel-der-Zeit-Walter-M-Iber.png\" data-elementor-open-lightbox=\"yes\" data-elementor-lightbox-title=\"Die Riegersburg: Eine Festung im Wandel der Zeit\" data-e-action-hash=\"#elementor-action%3Aaction%3Dlightbox%26settings%3DeyJpZCI6MTIyOTgsInVybCI6Imh0dHBzOlwvXC93d3cuZGllcmllZ2Vyc2J1cmcuYXRcL3dwLWNvbnRlbnRcL3VwbG9hZHNcLzIwMjZcLzA1XC9EaWUtUmllZ2Vyc2J1cmctRWluZS1GZXN0dW5nLWltLVdhbmRlbC1kZXItWmVpdC1XYWx0ZXItTS1JYmVyLnBuZyJ9\">\n\t\t\t\t\t\t\t<img fetchpriority=\"high\" decoding=\"async\" width=\"800\" height=\"893\" src=\"https:\/\/www.dieriegersburg.at\/wp-content\/uploads\/2026\/05\/Die-Riegersburg-Eine-Festung-im-Wandel-der-Zeit-Walter-M-Iber.png\" class=\"attachment-large size-large wp-image-12298\" alt=\"Die Riegersburg: Eine Festung im Wandel der Zeit\" srcset=\"https:\/\/www.dieriegersburg.at\/wp-content\/uploads\/2026\/05\/Die-Riegersburg-Eine-Festung-im-Wandel-der-Zeit-Walter-M-Iber.png 800w, https:\/\/www.dieriegersburg.at\/wp-content\/uploads\/2026\/05\/Die-Riegersburg-Eine-Festung-im-Wandel-der-Zeit-Walter-M-Iber-269x300.png 269w, https:\/\/www.dieriegersburg.at\/wp-content\/uploads\/2026\/05\/Die-Riegersburg-Eine-Festung-im-Wandel-der-Zeit-Walter-M-Iber-768x857.png 768w, https:\/\/www.dieriegersburg.at\/wp-content\/uploads\/2026\/05\/Die-Riegersburg-Eine-Festung-im-Wandel-der-Zeit-Walter-M-Iber-11x12.png 11w, https:\/\/www.dieriegersburg.at\/wp-content\/uploads\/2026\/05\/Die-Riegersburg-Eine-Festung-im-Wandel-der-Zeit-Walter-M-Iber-700x781.png 700w\" sizes=\"(max-width: 800px) 100vw, 800px\" \/>\t\t\t\t\t\t\t\t<\/a>\n\t\t\t\t\t\t\t\t\t\t\t\t\t\t\t<\/div>\n\t\t\t\t<\/div>\n\t\t\t\t\t<\/div>\n\t\t<\/div>\n\t\t\t\t\t<\/div>\n\t\t<\/section>\n\t\t\t\t<\/div>","protected":false},"excerpt":{"rendered":"<p>LITERATUR Die Riegersburg Eine Festung im Wandel der Zeit von Walter M. Iber Erleben Sie die spannende Geschichte einer der beeindruckendsten Burgen \u00d6sterreichs \u2013 von ihren mittelalterlichen Anf\u00e4ngen \u00fcber ihre Rolle als milit\u00e4risches Bollwerk bis hin zur heutigen touristischen Attraktion.Auf Einladung der Familie Liechtenstein verfasste&#8230;<\/p>","protected":false},"author":6,"featured_media":0,"parent":0,"menu_order":0,"comment_status":"closed","ping_status":"open","template":"full_width.php","meta":{"inline_featured_image":false,"footnotes":""},"class_list":["post-12294","page","type-page","status-publish","hentry"],"yoast_head":"<!-- This site is optimized with the Yoast SEO plugin v27.6 - https:\/\/yoast.com\/product\/yoast-seo-wordpress\/ -->\n<title>Die Riegersburg - Angebote f\u00fcr Familien<\/title>\n<meta name=\"description\" content=\"Die Riegersburg - der ideale Ort f\u00fcr einen Familienausflug in der N\u00e4he von Graz und in der Steiermark. Tagesausflug mit viel Spa\u00df &amp; Spannung!\" \/>\n<meta name=\"robots\" content=\"index, follow, max-snippet:-1, max-image-preview:large, max-video-preview:-1\" \/>\n<link rel=\"canonical\" href=\"https:\/\/www.dieriegersburg.at\/en\/literatur\/\" \/>\n<meta property=\"og:locale\" content=\"en_GB\" \/>\n<meta property=\"og:type\" content=\"article\" \/>\n<meta property=\"og:title\" content=\"Die Riegersburg - Angebote f\u00fcr Familien\" \/>\n<meta property=\"og:description\" content=\"Die Riegersburg - der ideale Ort f\u00fcr einen Familienausflug in der N\u00e4he von Graz und in der Steiermark. Tagesausflug mit viel Spa\u00df &amp; Spannung!\" \/>\n<meta property=\"og:url\" content=\"https:\/\/www.dieriegersburg.at\/en\/literatur\/\" \/>\n<meta property=\"og:site_name\" content=\"Burg Riegersburg\" \/>\n<meta property=\"article:publisher\" content=\"https:\/\/www.facebook.com\/dieriegersburg\" \/>\n<meta property=\"article:modified_time\" content=\"2026-05-12T11:36:39+00:00\" \/>\n<meta property=\"og:image\" content=\"https:\/\/www.dieriegersburg.at\/wp-content\/uploads\/2026\/05\/Die-Riegersburg-Eine-Festung-im-Wandel-der-Zeit-Walter-M-Iber.png\" \/>\n\t<meta property=\"og:image:width\" content=\"800\" \/>\n\t<meta property=\"og:image:height\" content=\"893\" \/>\n\t<meta property=\"og:image:type\" content=\"image\/png\" \/>\n<meta name=\"twitter:card\" content=\"summary_large_image\" \/>\n<meta name=\"twitter:label1\" content=\"Estimated reading time\" \/>\n\t<meta name=\"twitter:data1\" content=\"1 minute\" \/>\n<script type=\"application\/ld+json\" class=\"yoast-schema-graph\">{\"@context\":\"https:\\\/\\\/schema.org\",\"@graph\":[{\"@type\":\"WebPage\",\"@id\":\"https:\\\/\\\/www.dieriegersburg.at\\\/literatur\\\/\",\"url\":\"https:\\\/\\\/www.dieriegersburg.at\\\/literatur\\\/\",\"name\":\"Die Riegersburg - Angebote f\u00fcr Familien\",\"isPartOf\":{\"@id\":\"https:\\\/\\\/www.dieriegersburg.at\\\/#website\"},\"primaryImageOfPage\":{\"@id\":\"https:\\\/\\\/www.dieriegersburg.at\\\/literatur\\\/#primaryimage\"},\"image\":{\"@id\":\"https:\\\/\\\/www.dieriegersburg.at\\\/literatur\\\/#primaryimage\"},\"thumbnailUrl\":\"https:\\\/\\\/www.dieriegersburg.at\\\/wp-content\\\/uploads\\\/2026\\\/05\\\/Die-Riegersburg-Eine-Festung-im-Wandel-der-Zeit-Walter-M-Iber.png\",\"datePublished\":\"2026-05-11T16:27:55+00:00\",\"dateModified\":\"2026-05-12T11:36:39+00:00\",\"description\":\"Die Riegersburg - der ideale Ort f\u00fcr einen Familienausflug in der N\u00e4he von Graz und in der Steiermark. Tagesausflug mit viel Spa\u00df & Spannung!\",\"breadcrumb\":{\"@id\":\"https:\\\/\\\/www.dieriegersburg.at\\\/literatur\\\/#breadcrumb\"},\"inLanguage\":\"en-GB\",\"potentialAction\":[{\"@type\":\"ReadAction\",\"target\":[\"https:\\\/\\\/www.dieriegersburg.at\\\/literatur\\\/\"]}]},{\"@type\":\"ImageObject\",\"inLanguage\":\"en-GB\",\"@id\":\"https:\\\/\\\/www.dieriegersburg.at\\\/literatur\\\/#primaryimage\",\"url\":\"https:\\\/\\\/www.dieriegersburg.at\\\/wp-content\\\/uploads\\\/2026\\\/05\\\/Die-Riegersburg-Eine-Festung-im-Wandel-der-Zeit-Walter-M-Iber.png\",\"contentUrl\":\"https:\\\/\\\/www.dieriegersburg.at\\\/wp-content\\\/uploads\\\/2026\\\/05\\\/Die-Riegersburg-Eine-Festung-im-Wandel-der-Zeit-Walter-M-Iber.png\"},{\"@type\":\"BreadcrumbList\",\"@id\":\"https:\\\/\\\/www.dieriegersburg.at\\\/literatur\\\/#breadcrumb\",\"itemListElement\":[{\"@type\":\"ListItem\",\"position\":1,\"name\":\"Startseite\",\"item\":\"https:\\\/\\\/www.dieriegersburg.at\\\/\"},{\"@type\":\"ListItem\",\"position\":2,\"name\":\"Literatur\"}]},{\"@type\":\"WebSite\",\"@id\":\"https:\\\/\\\/www.dieriegersburg.at\\\/#website\",\"url\":\"https:\\\/\\\/www.dieriegersburg.at\\\/\",\"name\":\"Burg Riegersburg\",\"description\":\"Die Burg Riegersburg erleben\",\"publisher\":{\"@id\":\"https:\\\/\\\/www.dieriegersburg.at\\\/#organization\"},\"potentialAction\":[{\"@type\":\"SearchAction\",\"target\":{\"@type\":\"EntryPoint\",\"urlTemplate\":\"https:\\\/\\\/www.dieriegersburg.at\\\/?s={search_term_string}\"},\"query-input\":{\"@type\":\"PropertyValueSpecification\",\"valueRequired\":true,\"valueName\":\"search_term_string\"}}],\"inLanguage\":\"en-GB\"},{\"@type\":\"Organization\",\"@id\":\"https:\\\/\\\/www.dieriegersburg.at\\\/#organization\",\"name\":\"Die Riegersburg\",\"url\":\"https:\\\/\\\/www.dieriegersburg.at\\\/\",\"logo\":{\"@type\":\"ImageObject\",\"inLanguage\":\"en-GB\",\"@id\":\"https:\\\/\\\/www.dieriegersburg.at\\\/#\\\/schema\\\/logo\\\/image\\\/\",\"url\":\"https:\\\/\\\/www.dieriegersburg.at\\\/wp-content\\\/uploads\\\/2022\\\/01\\\/Riegersburg_Logo_2022_rgb.png\",\"contentUrl\":\"https:\\\/\\\/www.dieriegersburg.at\\\/wp-content\\\/uploads\\\/2022\\\/01\\\/Riegersburg_Logo_2022_rgb.png\",\"width\":2303,\"height\":1299,\"caption\":\"Die Riegersburg\"},\"image\":{\"@id\":\"https:\\\/\\\/www.dieriegersburg.at\\\/#\\\/schema\\\/logo\\\/image\\\/\"},\"sameAs\":[\"https:\\\/\\\/www.facebook.com\\\/dieriegersburg\",\"https:\\\/\\\/www.instagram.com\\\/dieriegersburg\\\/\",\"https:\\\/\\\/www.youtube.com\\\/channel\\\/UC52iKTzM4gwcyU1dgTElFrw\"]}]}<\/script>\n<!-- \/ Yoast SEO plugin. -->","yoast_head_json":{"title":"Die Riegersburg - Angebote f\u00fcr Familien","description":"Die Riegersburg - der ideale Ort f\u00fcr einen Familienausflug in der N\u00e4he von Graz und in der Steiermark. Tagesausflug mit viel Spa\u00df & Spannung!","robots":{"index":"index","follow":"follow","max-snippet":"max-snippet:-1","max-image-preview":"max-image-preview:large","max-video-preview":"max-video-preview:-1"},"canonical":"https:\/\/www.dieriegersburg.at\/en\/literatur\/","og_locale":"en_GB","og_type":"article","og_title":"Die Riegersburg - Angebote f\u00fcr Familien","og_description":"Die Riegersburg - der ideale Ort f\u00fcr einen Familienausflug in der N\u00e4he von Graz und in der Steiermark. Tagesausflug mit viel Spa\u00df & Spannung!","og_url":"https:\/\/www.dieriegersburg.at\/en\/literatur\/","og_site_name":"Burg Riegersburg","article_publisher":"https:\/\/www.facebook.com\/dieriegersburg","article_modified_time":"2026-05-12T11:36:39+00:00","og_image":[{"width":800,"height":893,"url":"https:\/\/www.dieriegersburg.at\/wp-content\/uploads\/2026\/05\/Die-Riegersburg-Eine-Festung-im-Wandel-der-Zeit-Walter-M-Iber.png","type":"image\/png"}],"twitter_card":"summary_large_image","twitter_misc":{"Estimated reading time":"1 minute"},"schema":{"@context":"https:\/\/schema.org","@graph":[{"@type":"WebPage","@id":"https:\/\/www.dieriegersburg.at\/literatur\/","url":"https:\/\/www.dieriegersburg.at\/literatur\/","name":"Die Riegersburg - Angebote f\u00fcr Familien","isPartOf":{"@id":"https:\/\/www.dieriegersburg.at\/#website"},"primaryImageOfPage":{"@id":"https:\/\/www.dieriegersburg.at\/literatur\/#primaryimage"},"image":{"@id":"https:\/\/www.dieriegersburg.at\/literatur\/#primaryimage"},"thumbnailUrl":"https:\/\/www.dieriegersburg.at\/wp-content\/uploads\/2026\/05\/Die-Riegersburg-Eine-Festung-im-Wandel-der-Zeit-Walter-M-Iber.png","datePublished":"2026-05-11T16:27:55+00:00","dateModified":"2026-05-12T11:36:39+00:00","description":"Die Riegersburg - der ideale Ort f\u00fcr einen Familienausflug in der N\u00e4he von Graz und in der Steiermark. Tagesausflug mit viel Spa\u00df & Spannung!","breadcrumb":{"@id":"https:\/\/www.dieriegersburg.at\/literatur\/#breadcrumb"},"inLanguage":"en-GB","potentialAction":[{"@type":"ReadAction","target":["https:\/\/www.dieriegersburg.at\/literatur\/"]}]},{"@type":"ImageObject","inLanguage":"en-GB","@id":"https:\/\/www.dieriegersburg.at\/literatur\/#primaryimage","url":"https:\/\/www.dieriegersburg.at\/wp-content\/uploads\/2026\/05\/Die-Riegersburg-Eine-Festung-im-Wandel-der-Zeit-Walter-M-Iber.png","contentUrl":"https:\/\/www.dieriegersburg.at\/wp-content\/uploads\/2026\/05\/Die-Riegersburg-Eine-Festung-im-Wandel-der-Zeit-Walter-M-Iber.png"},{"@type":"BreadcrumbList","@id":"https:\/\/www.dieriegersburg.at\/literatur\/#breadcrumb","itemListElement":[{"@type":"ListItem","position":1,"name":"Startseite","item":"https:\/\/www.dieriegersburg.at\/"},{"@type":"ListItem","position":2,"name":"Literatur"}]},{"@type":"WebSite","@id":"https:\/\/www.dieriegersburg.at\/#website","url":"https:\/\/www.dieriegersburg.at\/","name":"Burg Riegersburg","description":"Die Burg Riegersburg erleben","publisher":{"@id":"https:\/\/www.dieriegersburg.at\/#organization"},"potentialAction":[{"@type":"SearchAction","target":{"@type":"EntryPoint","urlTemplate":"https:\/\/www.dieriegersburg.at\/?s={search_term_string}"},"query-input":{"@type":"PropertyValueSpecification","valueRequired":true,"valueName":"search_term_string"}}],"inLanguage":"en-GB"},{"@type":"Organization","@id":"https:\/\/www.dieriegersburg.at\/#organization","name":"Die Riegersburg","url":"https:\/\/www.dieriegersburg.at\/","logo":{"@type":"ImageObject","inLanguage":"en-GB","@id":"https:\/\/www.dieriegersburg.at\/#\/schema\/logo\/image\/","url":"https:\/\/www.dieriegersburg.at\/wp-content\/uploads\/2022\/01\/Riegersburg_Logo_2022_rgb.png","contentUrl":"https:\/\/www.dieriegersburg.at\/wp-content\/uploads\/2022\/01\/Riegersburg_Logo_2022_rgb.png","width":2303,"height":1299,"caption":"Die Riegersburg"},"image":{"@id":"https:\/\/www.dieriegersburg.at\/#\/schema\/logo\/image\/"},"sameAs":["https:\/\/www.facebook.com\/dieriegersburg","https:\/\/www.instagram.com\/dieriegersburg\/","https:\/\/www.youtube.com\/channel\/UC52iKTzM4gwcyU1dgTElFrw"]}]}},"_links":{"self":[{"href":"https:\/\/www.dieriegersburg.at\/en\/wp-json\/wp\/v2\/pages\/12294","targetHints":{"allow":["GET"]}}],"collection":[{"href":"https:\/\/www.dieriegersburg.at\/en\/wp-json\/wp\/v2\/pages"}],"about":[{"href":"https:\/\/www.dieriegersburg.at\/en\/wp-json\/wp\/v2\/types\/page"}],"author":[{"embeddable":true,"href":"https:\/\/www.dieriegersburg.at\/en\/wp-json\/wp\/v2\/users\/6"}],"replies":[{"embeddable":true,"href":"https:\/\/www.dieriegersburg.at\/en\/wp-json\/wp\/v2\/comments?post=12294"}],"version-history":[{"count":10,"href":"https:\/\/www.dieriegersburg.at\/en\/wp-json\/wp\/v2\/pages\/12294\/revisions"}],"predecessor-version":[{"id":12386,"href":"https:\/\/www.dieriegersburg.at\/en\/wp-json\/wp\/v2\/pages\/12294\/revisions\/12386"}],"wp:attachment":[{"href":"https:\/\/www.dieriegersburg.at\/en\/wp-json\/wp\/v2\/media?parent=12294"}],"curies":[{"name":"wp","href":"https:\/\/api.w.org\/{rel}","templated":true}]}}