{"id":2701,"date":"2022-03-24T18:11:28","date_gmt":"2022-03-24T17:11:28","guid":{"rendered":"https:\/\/www.dieriegersburg.at\/?page_id=2701"},"modified":"2025-08-04T19:55:51","modified_gmt":"2025-08-04T17:55:51","slug":"hausordnung","status":"publish","type":"page","link":"https:\/\/www.dieriegersburg.at\/en\/hausordnung\/","title":{"rendered":"House rules"},"content":{"rendered":"<div data-elementor-type=\"wp-page\" data-elementor-id=\"2701\" class=\"elementor elementor-2701\" data-elementor-post-type=\"page\">\n\t\t\t\t\t\t<section class=\"elementor-section elementor-top-section elementor-element elementor-element-c9317df elementor-section-boxed elementor-section-height-default elementor-section-height-default parallax_section_no qode_elementor_container_no\" data-id=\"c9317df\" data-element_type=\"section\" data-e-type=\"section\" data-settings=\"{&quot;background_background&quot;:&quot;gradient&quot;}\">\n\t\t\t\t\t\t<div class=\"elementor-container elementor-column-gap-default\">\n\t\t\t\t\t<div class=\"elementor-column elementor-col-100 elementor-top-column elementor-element elementor-element-922a8bf\" data-id=\"922a8bf\" data-element_type=\"column\" data-e-type=\"column\" data-settings=\"{&quot;background_background&quot;:&quot;classic&quot;}\">\n\t\t\t<div class=\"elementor-widget-wrap elementor-element-populated\">\n\t\t\t\t\t\t<div class=\"elementor-element elementor-element-db66c90 elementor-widget elementor-widget-spacer\" data-id=\"db66c90\" data-element_type=\"widget\" data-e-type=\"widget\" data-widget_type=\"spacer.default\">\n\t\t\t\t<div class=\"elementor-widget-container\">\n\t\t\t\t\t\t\t<div class=\"elementor-spacer\">\n\t\t\t<div class=\"elementor-spacer-inner\"><\/div>\n\t\t<\/div>\n\t\t\t\t\t\t<\/div>\n\t\t\t\t<\/div>\n\t\t\t\t\t<\/div>\n\t\t<\/div>\n\t\t\t\t\t<\/div>\n\t\t<\/section>\n\t\t\t\t<section class=\"elementor-section elementor-top-section elementor-element elementor-element-b14d564 elementor-section-boxed elementor-section-height-default elementor-section-height-default parallax_section_no qode_elementor_container_no\" data-id=\"b14d564\" data-element_type=\"section\" data-e-type=\"section\">\n\t\t\t\t\t\t\t<div class=\"elementor-background-overlay\"><\/div>\n\t\t\t\t\t\t\t<div class=\"elementor-container elementor-column-gap-default\">\n\t\t\t\t\t<div class=\"elementor-column elementor-col-100 elementor-top-column elementor-element elementor-element-9f2bd81\" data-id=\"9f2bd81\" data-element_type=\"column\" data-e-type=\"column\">\n\t\t\t<div class=\"elementor-widget-wrap elementor-element-populated\">\n\t\t\t\t\t\t<div class=\"elementor-element elementor-element-ad7d9f7 elementor-invisible elementor-widget elementor-widget-heading\" data-id=\"ad7d9f7\" data-element_type=\"widget\" data-e-type=\"widget\" data-settings=\"{&quot;_animation&quot;:&quot;fadeInLeft&quot;}\" data-widget_type=\"heading.default\">\n\t\t\t\t<div class=\"elementor-widget-container\">\n\t\t\t\t\t<h1 class=\"elementor-heading-title elementor-size-default\">House rules<\/h1>\t\t\t\t<\/div>\n\t\t\t\t<\/div>\n\t\t\t\t\t<\/div>\n\t\t<\/div>\n\t\t\t\t\t<\/div>\n\t\t<\/section>\n\t\t\t\t<section class=\"elementor-section elementor-top-section elementor-element elementor-element-3997065 elementor-section-boxed elementor-section-height-default elementor-section-height-default parallax_section_no qode_elementor_container_no\" data-id=\"3997065\" data-element_type=\"section\" data-e-type=\"section\" data-settings=\"{&quot;background_background&quot;:&quot;classic&quot;}\">\n\t\t\t\t\t\t<div class=\"elementor-container elementor-column-gap-default\">\n\t\t\t\t\t<div class=\"elementor-column elementor-col-50 elementor-top-column elementor-element elementor-element-3742007\" data-id=\"3742007\" data-element_type=\"column\" data-e-type=\"column\" data-settings=\"{&quot;background_background&quot;:&quot;classic&quot;}\">\n\t\t\t<div class=\"elementor-widget-wrap elementor-element-populated\">\n\t\t\t\t\t\t<div class=\"elementor-element elementor-element-3e2aec6 elementor-widget elementor-widget-text-editor\" data-id=\"3e2aec6\" data-element_type=\"widget\" data-e-type=\"widget\" data-widget_type=\"text-editor.default\">\n\t\t\t\t<div class=\"elementor-widget-container\">\n\t\t\t\t\t\t\t\t\t<p class=\"translation-block\">In order to ensure a pleasant stay at Riegersburg Castle, we ask you to observe the following <strong> rules of conduct<\/strong> .<\/p><div>\u00a0<\/div><div>With the purchase of the admission ticket you fully accept the house rules. Violation of these will result in expulsion from the premises by our staff and possible legal action.<\/div>\t\t\t\t\t\t\t\t<\/div>\n\t\t\t\t<\/div>\n\t\t\t\t\t<\/div>\n\t\t<\/div>\n\t\t\t\t<div class=\"elementor-column elementor-col-50 elementor-top-column elementor-element elementor-element-6c00c8c\" data-id=\"6c00c8c\" data-element_type=\"column\" data-e-type=\"column\">\n\t\t\t<div class=\"elementor-widget-wrap elementor-element-populated\">\n\t\t\t\t\t\t<div class=\"elementor-element elementor-element-0b46f0b elementor-invisible elementor-widget elementor-widget-image\" data-id=\"0b46f0b\" data-element_type=\"widget\" data-e-type=\"widget\" data-settings=\"{&quot;_animation&quot;:&quot;fadeInRight&quot;}\" data-widget_type=\"image.default\">\n\t\t\t\t<div class=\"elementor-widget-container\">\n\t\t\t\t\t\t\t\t\t\t\t\t\t\t\t<img fetchpriority=\"high\" decoding=\"async\" width=\"1024\" height=\"730\" src=\"https:\/\/www.dieriegersburg.at\/wp-content\/uploads\/2022\/03\/Hausordnung_Ruediger_Hunde_Wanderer_Burgaufgang_Mobile-1024x730.jpg\" class=\"attachment-large size-large wp-image-2705\" alt=\"\" srcset=\"https:\/\/www.dieriegersburg.at\/wp-content\/uploads\/2022\/03\/Hausordnung_Ruediger_Hunde_Wanderer_Burgaufgang_Mobile-1024x730.jpg 1024w, https:\/\/www.dieriegersburg.at\/wp-content\/uploads\/2022\/03\/Hausordnung_Ruediger_Hunde_Wanderer_Burgaufgang_Mobile-300x214.jpg 300w, https:\/\/www.dieriegersburg.at\/wp-content\/uploads\/2022\/03\/Hausordnung_Ruediger_Hunde_Wanderer_Burgaufgang_Mobile-768x548.jpg 768w, https:\/\/www.dieriegersburg.at\/wp-content\/uploads\/2022\/03\/Hausordnung_Ruediger_Hunde_Wanderer_Burgaufgang_Mobile-700x499.jpg 700w, https:\/\/www.dieriegersburg.at\/wp-content\/uploads\/2022\/03\/Hausordnung_Ruediger_Hunde_Wanderer_Burgaufgang_Mobile.jpg 1200w\" sizes=\"(max-width: 1024px) 100vw, 1024px\" \/>\t\t\t\t\t\t\t\t\t\t\t\t\t\t\t<\/div>\n\t\t\t\t<\/div>\n\t\t\t\t\t<\/div>\n\t\t<\/div>\n\t\t\t\t\t<\/div>\n\t\t<\/section>\n\t\t\t\t<section class=\"elementor-section elementor-top-section elementor-element elementor-element-356b26b elementor-reverse-mobile elementor-section-boxed elementor-section-height-default elementor-section-height-default parallax_section_no qode_elementor_container_no\" data-id=\"356b26b\" data-element_type=\"section\" data-e-type=\"section\" data-settings=\"{&quot;background_background&quot;:&quot;classic&quot;}\">\n\t\t\t\t\t\t<div class=\"elementor-container elementor-column-gap-default\">\n\t\t\t\t\t<div class=\"elementor-column elementor-col-100 elementor-top-column elementor-element elementor-element-2f323e3 elementor-invisible\" data-id=\"2f323e3\" data-element_type=\"column\" data-e-type=\"column\" data-settings=\"{&quot;background_background&quot;:&quot;classic&quot;,&quot;animation&quot;:&quot;fadeInLeft&quot;}\">\n\t\t\t<div class=\"elementor-widget-wrap elementor-element-populated\">\n\t\t\t\t\t\t<div class=\"elementor-element elementor-element-fda00bc elementor-widget elementor-widget-text-editor\" data-id=\"fda00bc\" data-element_type=\"widget\" data-e-type=\"widget\" data-widget_type=\"text-editor.default\">\n\t\t\t\t<div class=\"elementor-widget-container\">\n\t\t\t\t\t\t\t\t\t<div class=\"elementor-element elementor-element-37bc7b1 elementor-widget elementor-widget-heading\" data-id=\"37bc7b1\" data-element_type=\"widget\" data-widget_type=\"heading.default\"><h3>RULES OF CONDUCT<\/h3><\/div><div class=\"elementor-element elementor-element-bffa319 elementor-widget elementor-widget-text-editor\" data-id=\"bffa319\" data-element_type=\"widget\" data-widget_type=\"text-editor.default\"><ul><li class=\"elementor-widget-container\"><span style=\"color: #002c51;\">Riegersburg Castle assumes no liability for damages and injuries of any kind.<\/span><\/li><li class=\"elementor-widget-container\"><span style=\"color: #002c51;\">Smoking is absolutely prohibited in the rooms of the castle.<\/span><\/li><li class=\"elementor-widget-container\"><span style=\"color: #002c51;\">There is no alcohol under 16 and no spirits or tobacco products under 18 in the Castle Tavern.<\/span><\/li><li class=\"elementor-widget-container\"><span style=\"color: #002c51;\">Touching all exhibits, paintings, walls, tile stoves etc. is strictly prohibited.<\/span><\/li><li class=\"elementor-widget-container\"><span style=\"color: #002c51;\">Any theft will be reported without exception.<\/span><\/li><li class=\"elementor-widget-container\"><span style=\"color: #002c51;\">Theft also includes the taking of stones, plants, pieces of walls, volcanic rocks of the castle hill etc.<\/span><\/li><li class=\"elementor-widget-container\"><span style=\"color: #002c51;\">Parents or guardians are liable for their children.<\/span><\/li><li class=\"elementor-widget-container\"><span style=\"color: #002c51;\">Children and adolescents under the age of 14 must be under constant adult supervision.<\/span><\/li><li class=\"elementor-widget-container\"><span style=\"color: #002c51;\">Leaving the marked trails is prohibited.<\/span><\/li><li class=\"elementor-widget-container\"><span style=\"color: #002c51;\">The use of the playgrounds is at your own risk.<\/span><\/li><li class=\"elementor-widget-container\"><span style=\"color: #002c51;\">Barriers are for your safety and are not to be climbed over, encroached upon or used as seating.<\/span><\/li><li class=\"elementor-widget-container\"><span style=\"color: #002c51;\">The instructions of the staff must be followed without fail.<\/span><\/li><li class=\"elementor-widget-container\"><span style=\"color: #002c51;\">Bringing animals is not allowed - except for dogs on a short leash.<\/span><\/li><li class=\"elementor-widget-container\"><span style=\"color: #002c51;\">Bringing dogs into the museums &amp; castle rooms is not permitted.<\/span><\/li><li class=\"elementor-widget-container\"><span style=\"color: #002c51;\">All dogs must be muzzled in the elevator.<\/span><\/li><li class=\"elementor-widget-container\"><span style=\"color: #002c51;\">Bringing bicycles, rollerblades, scooters, radios, balls etc. is not allowed.<\/span><\/li><li class=\"elementor-widget-container\"><span style=\"color: #002c51;\">Damaging plants is prohibited.<\/span><\/li><li class=\"elementor-widget-container\"><span style=\"color: #002c51;\">The plants and berries found on the castle hill are not suitable for consumption.<\/span><\/li><li class=\"elementor-widget-container\"><span style=\"color: #002c51;\">Help us keep Riegersburg castle clean and use the numerous trash cans.<\/span><\/li><\/ul><p><span style=\"color: #002c51;\">\u00a0<\/span><\/p><p class=\"translation-block\">We inform you that during events (e.g. Full Moon Night) photos and\/or videos will be taken at the venue for documentation purposes. These photos may be published in newspapers, on our website or on social media. If you do not agree to this, please inform our photographers or our staff directly. You are also welcome to contact us afterwards by <a href=\"tel:031538213\" target=\"_self\">phone<\/a> or <a href=\"mailto:webredirect@dieriegersburg.at\" target=\"_self\">email<\/a> and we will immediately remove the relevant footage.<\/p><\/div>\t\t\t\t\t\t\t\t<\/div>\n\t\t\t\t<\/div>\n\t\t\t\t\t<\/div>\n\t\t<\/div>\n\t\t\t\t\t<\/div>\n\t\t<\/section>\n\t\t\t\t<\/div>","protected":false},"excerpt":{"rendered":"<p>Hausordnung Um Ihnen einen angenehmen Aufenthalt auf der Riegersburg zu erm\u00f6glichen, bitten wir Sie folgende Verhaltensregeln einzuhalten. \u00a0Mit dem Erwerb der Eintrittskarte akzeptieren Sie vollinhaltlich die Hausordnung. Ein Versto\u00df gegen diese hat einen Verweis vom Gel\u00e4nde durch unser Personal und m\u00f6gliche rechtliche Schritte zur Folge&#8230;.<\/p>","protected":false},"author":6,"featured_media":0,"parent":0,"menu_order":0,"comment_status":"closed","ping_status":"open","template":"full_width.php","meta":{"inline_featured_image":false,"footnotes":""},"class_list":["post-2701","page","type-page","status-publish","hentry"],"yoast_head":"<!-- This site is optimized with the Yoast SEO plugin v27.5 - https:\/\/yoast.com\/product\/yoast-seo-wordpress\/ -->\n<title>Hausordnung - Burg Riegersburg<\/title>\n<meta name=\"description\" content=\"Um Ihnen einen angenehmen Aufenthalt auf der Riegersburg zu erm\u00f6glichen, bitten wir Sie die Verhaltensregeln der Hausordnung einzuhalten.\" \/>\n<meta name=\"robots\" content=\"index, follow, max-snippet:-1, max-image-preview:large, max-video-preview:-1\" \/>\n<link rel=\"canonical\" href=\"https:\/\/www.dieriegersburg.at\/en\/hausordnung\/\" \/>\n<meta property=\"og:locale\" content=\"en_GB\" \/>\n<meta property=\"og:type\" content=\"article\" \/>\n<meta property=\"og:title\" content=\"Hausordnung - Burg Riegersburg\" \/>\n<meta property=\"og:description\" content=\"Um Ihnen einen angenehmen Aufenthalt auf der Riegersburg zu erm\u00f6glichen, bitten wir Sie die Verhaltensregeln der Hausordnung einzuhalten.\" \/>\n<meta property=\"og:url\" content=\"https:\/\/www.dieriegersburg.at\/en\/hausordnung\/\" \/>\n<meta property=\"og:site_name\" content=\"Burg Riegersburg\" \/>\n<meta property=\"article:publisher\" content=\"https:\/\/www.facebook.com\/dieriegersburg\" \/>\n<meta property=\"article:modified_time\" content=\"2025-08-04T17:55:51+00:00\" \/>\n<meta property=\"og:image\" content=\"https:\/\/www.dieriegersburg.at\/wp-content\/uploads\/2022\/03\/Hausordnung_Ruediger_Hunde_Wanderer_Burgaufgang_Mobile.jpg\" \/>\n\t<meta property=\"og:image:width\" content=\"1200\" \/>\n\t<meta property=\"og:image:height\" content=\"856\" \/>\n\t<meta property=\"og:image:type\" content=\"image\/jpeg\" \/>\n<meta name=\"twitter:card\" content=\"summary_large_image\" \/>\n<meta name=\"twitter:label1\" content=\"Estimated reading time\" \/>\n\t<meta name=\"twitter:data1\" content=\"4 minutes\" \/>\n<script type=\"application\/ld+json\" class=\"yoast-schema-graph\">{\"@context\":\"https:\\\/\\\/schema.org\",\"@graph\":[{\"@type\":\"WebPage\",\"@id\":\"https:\\\/\\\/www.dieriegersburg.at\\\/hausordnung\\\/\",\"url\":\"https:\\\/\\\/www.dieriegersburg.at\\\/hausordnung\\\/\",\"name\":\"Hausordnung - Burg Riegersburg\",\"isPartOf\":{\"@id\":\"https:\\\/\\\/www.dieriegersburg.at\\\/#website\"},\"primaryImageOfPage\":{\"@id\":\"https:\\\/\\\/www.dieriegersburg.at\\\/hausordnung\\\/#primaryimage\"},\"image\":{\"@id\":\"https:\\\/\\\/www.dieriegersburg.at\\\/hausordnung\\\/#primaryimage\"},\"thumbnailUrl\":\"https:\\\/\\\/www.dieriegersburg.at\\\/wp-content\\\/uploads\\\/2022\\\/03\\\/Hausordnung_Ruediger_Hunde_Wanderer_Burgaufgang_Mobile-1024x730.jpg\",\"datePublished\":\"2022-03-24T17:11:28+00:00\",\"dateModified\":\"2025-08-04T17:55:51+00:00\",\"description\":\"Um Ihnen einen angenehmen Aufenthalt auf der Riegersburg zu erm\u00f6glichen, bitten wir Sie die Verhaltensregeln der Hausordnung einzuhalten.\",\"breadcrumb\":{\"@id\":\"https:\\\/\\\/www.dieriegersburg.at\\\/hausordnung\\\/#breadcrumb\"},\"inLanguage\":\"en-GB\",\"potentialAction\":[{\"@type\":\"ReadAction\",\"target\":[\"https:\\\/\\\/www.dieriegersburg.at\\\/hausordnung\\\/\"]}]},{\"@type\":\"ImageObject\",\"inLanguage\":\"en-GB\",\"@id\":\"https:\\\/\\\/www.dieriegersburg.at\\\/hausordnung\\\/#primaryimage\",\"url\":\"https:\\\/\\\/www.dieriegersburg.at\\\/wp-content\\\/uploads\\\/2022\\\/03\\\/Hausordnung_Ruediger_Hunde_Wanderer_Burgaufgang_Mobile-1024x730.jpg\",\"contentUrl\":\"https:\\\/\\\/www.dieriegersburg.at\\\/wp-content\\\/uploads\\\/2022\\\/03\\\/Hausordnung_Ruediger_Hunde_Wanderer_Burgaufgang_Mobile-1024x730.jpg\"},{\"@type\":\"BreadcrumbList\",\"@id\":\"https:\\\/\\\/www.dieriegersburg.at\\\/hausordnung\\\/#breadcrumb\",\"itemListElement\":[{\"@type\":\"ListItem\",\"position\":1,\"name\":\"Startseite\",\"item\":\"https:\\\/\\\/www.dieriegersburg.at\\\/\"},{\"@type\":\"ListItem\",\"position\":2,\"name\":\"Hausordnung\"}]},{\"@type\":\"WebSite\",\"@id\":\"https:\\\/\\\/www.dieriegersburg.at\\\/#website\",\"url\":\"https:\\\/\\\/www.dieriegersburg.at\\\/\",\"name\":\"Burg Riegersburg\",\"description\":\"Die Burg Riegersburg erleben\",\"publisher\":{\"@id\":\"https:\\\/\\\/www.dieriegersburg.at\\\/#organization\"},\"potentialAction\":[{\"@type\":\"SearchAction\",\"target\":{\"@type\":\"EntryPoint\",\"urlTemplate\":\"https:\\\/\\\/www.dieriegersburg.at\\\/?s={search_term_string}\"},\"query-input\":{\"@type\":\"PropertyValueSpecification\",\"valueRequired\":true,\"valueName\":\"search_term_string\"}}],\"inLanguage\":\"en-GB\"},{\"@type\":\"Organization\",\"@id\":\"https:\\\/\\\/www.dieriegersburg.at\\\/#organization\",\"name\":\"Die Riegersburg\",\"url\":\"https:\\\/\\\/www.dieriegersburg.at\\\/\",\"logo\":{\"@type\":\"ImageObject\",\"inLanguage\":\"en-GB\",\"@id\":\"https:\\\/\\\/www.dieriegersburg.at\\\/#\\\/schema\\\/logo\\\/image\\\/\",\"url\":\"https:\\\/\\\/www.dieriegersburg.at\\\/wp-content\\\/uploads\\\/2022\\\/01\\\/Riegersburg_Logo_2022_rgb.png\",\"contentUrl\":\"https:\\\/\\\/www.dieriegersburg.at\\\/wp-content\\\/uploads\\\/2022\\\/01\\\/Riegersburg_Logo_2022_rgb.png\",\"width\":2303,\"height\":1299,\"caption\":\"Die Riegersburg\"},\"image\":{\"@id\":\"https:\\\/\\\/www.dieriegersburg.at\\\/#\\\/schema\\\/logo\\\/image\\\/\"},\"sameAs\":[\"https:\\\/\\\/www.facebook.com\\\/dieriegersburg\",\"https:\\\/\\\/www.instagram.com\\\/dieriegersburg\\\/\",\"https:\\\/\\\/www.youtube.com\\\/channel\\\/UC52iKTzM4gwcyU1dgTElFrw\"]}]}<\/script>\n<!-- \/ Yoast SEO plugin. -->","yoast_head_json":{"title":"Hausordnung - Burg Riegersburg","description":"Um Ihnen einen angenehmen Aufenthalt auf der Riegersburg zu erm\u00f6glichen, bitten wir Sie die Verhaltensregeln der Hausordnung einzuhalten.","robots":{"index":"index","follow":"follow","max-snippet":"max-snippet:-1","max-image-preview":"max-image-preview:large","max-video-preview":"max-video-preview:-1"},"canonical":"https:\/\/www.dieriegersburg.at\/en\/hausordnung\/","og_locale":"en_GB","og_type":"article","og_title":"Hausordnung - Burg Riegersburg","og_description":"Um Ihnen einen angenehmen Aufenthalt auf der Riegersburg zu erm\u00f6glichen, bitten wir Sie die Verhaltensregeln der Hausordnung einzuhalten.","og_url":"https:\/\/www.dieriegersburg.at\/en\/hausordnung\/","og_site_name":"Burg Riegersburg","article_publisher":"https:\/\/www.facebook.com\/dieriegersburg","article_modified_time":"2025-08-04T17:55:51+00:00","og_image":[{"width":1200,"height":856,"url":"https:\/\/www.dieriegersburg.at\/wp-content\/uploads\/2022\/03\/Hausordnung_Ruediger_Hunde_Wanderer_Burgaufgang_Mobile.jpg","type":"image\/jpeg"}],"twitter_card":"summary_large_image","twitter_misc":{"Estimated reading time":"4 minutes"},"schema":{"@context":"https:\/\/schema.org","@graph":[{"@type":"WebPage","@id":"https:\/\/www.dieriegersburg.at\/hausordnung\/","url":"https:\/\/www.dieriegersburg.at\/hausordnung\/","name":"Hausordnung - Burg Riegersburg","isPartOf":{"@id":"https:\/\/www.dieriegersburg.at\/#website"},"primaryImageOfPage":{"@id":"https:\/\/www.dieriegersburg.at\/hausordnung\/#primaryimage"},"image":{"@id":"https:\/\/www.dieriegersburg.at\/hausordnung\/#primaryimage"},"thumbnailUrl":"https:\/\/www.dieriegersburg.at\/wp-content\/uploads\/2022\/03\/Hausordnung_Ruediger_Hunde_Wanderer_Burgaufgang_Mobile-1024x730.jpg","datePublished":"2022-03-24T17:11:28+00:00","dateModified":"2025-08-04T17:55:51+00:00","description":"Um Ihnen einen angenehmen Aufenthalt auf der Riegersburg zu erm\u00f6glichen, bitten wir Sie die Verhaltensregeln der Hausordnung einzuhalten.","breadcrumb":{"@id":"https:\/\/www.dieriegersburg.at\/hausordnung\/#breadcrumb"},"inLanguage":"en-GB","potentialAction":[{"@type":"ReadAction","target":["https:\/\/www.dieriegersburg.at\/hausordnung\/"]}]},{"@type":"ImageObject","inLanguage":"en-GB","@id":"https:\/\/www.dieriegersburg.at\/hausordnung\/#primaryimage","url":"https:\/\/www.dieriegersburg.at\/wp-content\/uploads\/2022\/03\/Hausordnung_Ruediger_Hunde_Wanderer_Burgaufgang_Mobile-1024x730.jpg","contentUrl":"https:\/\/www.dieriegersburg.at\/wp-content\/uploads\/2022\/03\/Hausordnung_Ruediger_Hunde_Wanderer_Burgaufgang_Mobile-1024x730.jpg"},{"@type":"BreadcrumbList","@id":"https:\/\/www.dieriegersburg.at\/hausordnung\/#breadcrumb","itemListElement":[{"@type":"ListItem","position":1,"name":"Startseite","item":"https:\/\/www.dieriegersburg.at\/"},{"@type":"ListItem","position":2,"name":"Hausordnung"}]},{"@type":"WebSite","@id":"https:\/\/www.dieriegersburg.at\/#website","url":"https:\/\/www.dieriegersburg.at\/","name":"Burg Riegersburg","description":"Die Burg Riegersburg erleben","publisher":{"@id":"https:\/\/www.dieriegersburg.at\/#organization"},"potentialAction":[{"@type":"SearchAction","target":{"@type":"EntryPoint","urlTemplate":"https:\/\/www.dieriegersburg.at\/?s={search_term_string}"},"query-input":{"@type":"PropertyValueSpecification","valueRequired":true,"valueName":"search_term_string"}}],"inLanguage":"en-GB"},{"@type":"Organization","@id":"https:\/\/www.dieriegersburg.at\/#organization","name":"Riegersburg Castle","url":"https:\/\/www.dieriegersburg.at\/","logo":{"@type":"ImageObject","inLanguage":"en-GB","@id":"https:\/\/www.dieriegersburg.at\/#\/schema\/logo\/image\/","url":"https:\/\/www.dieriegersburg.at\/wp-content\/uploads\/2022\/01\/Riegersburg_Logo_2022_rgb.png","contentUrl":"https:\/\/www.dieriegersburg.at\/wp-content\/uploads\/2022\/01\/Riegersburg_Logo_2022_rgb.png","width":2303,"height":1299,"caption":"Die Riegersburg"},"image":{"@id":"https:\/\/www.dieriegersburg.at\/#\/schema\/logo\/image\/"},"sameAs":["https:\/\/www.facebook.com\/dieriegersburg","https:\/\/www.instagram.com\/dieriegersburg\/","https:\/\/www.youtube.com\/channel\/UC52iKTzM4gwcyU1dgTElFrw"]}]}},"_links":{"self":[{"href":"https:\/\/www.dieriegersburg.at\/en\/wp-json\/wp\/v2\/pages\/2701","targetHints":{"allow":["GET"]}}],"collection":[{"href":"https:\/\/www.dieriegersburg.at\/en\/wp-json\/wp\/v2\/pages"}],"about":[{"href":"https:\/\/www.dieriegersburg.at\/en\/wp-json\/wp\/v2\/types\/page"}],"author":[{"embeddable":true,"href":"https:\/\/www.dieriegersburg.at\/en\/wp-json\/wp\/v2\/users\/6"}],"replies":[{"embeddable":true,"href":"https:\/\/www.dieriegersburg.at\/en\/wp-json\/wp\/v2\/comments?post=2701"}],"version-history":[{"count":10,"href":"https:\/\/www.dieriegersburg.at\/en\/wp-json\/wp\/v2\/pages\/2701\/revisions"}],"predecessor-version":[{"id":10978,"href":"https:\/\/www.dieriegersburg.at\/en\/wp-json\/wp\/v2\/pages\/2701\/revisions\/10978"}],"wp:attachment":[{"href":"https:\/\/www.dieriegersburg.at\/en\/wp-json\/wp\/v2\/media?parent=2701"}],"curies":[{"name":"wp","href":"https:\/\/api.w.org\/{rel}","templated":true}]}}