{"id":2754,"date":"2022-03-24T18:41:32","date_gmt":"2022-03-24T17:41:32","guid":{"rendered":"https:\/\/www.dieriegersburg.at\/?page_id=2754"},"modified":"2026-03-31T18:30:00","modified_gmt":"2026-03-31T16:30:00","slug":"burgtaverne","status":"publish","type":"page","link":"https:\/\/www.dieriegersburg.at\/en\/burgtaverne\/","title":{"rendered":"Castle tavern"},"content":{"rendered":"<div data-elementor-type=\"wp-page\" data-elementor-id=\"2754\" class=\"elementor elementor-2754\" data-elementor-post-type=\"page\">\n\t\t\t\t\t\t<section class=\"elementor-section elementor-top-section elementor-element elementor-element-c9317df elementor-section-full_width elementor-section-height-default elementor-section-height-default parallax_section_no qode_elementor_container_no\" data-id=\"c9317df\" data-element_type=\"section\" data-e-type=\"section\" data-settings=\"{&quot;background_background&quot;:&quot;gradient&quot;}\">\n\t\t\t\t\t\t<div class=\"elementor-container elementor-column-gap-default\">\n\t\t\t\t\t<div class=\"elementor-column elementor-col-100 elementor-top-column elementor-element elementor-element-922a8bf\" data-id=\"922a8bf\" data-element_type=\"column\" data-e-type=\"column\" data-settings=\"{&quot;background_background&quot;:&quot;classic&quot;}\">\n\t\t\t<div class=\"elementor-widget-wrap elementor-element-populated\">\n\t\t\t\t\t\t<div class=\"elementor-element elementor-element-db66c90 elementor-widget elementor-widget-spacer\" data-id=\"db66c90\" data-element_type=\"widget\" data-e-type=\"widget\" data-widget_type=\"spacer.default\">\n\t\t\t\t<div class=\"elementor-widget-container\">\n\t\t\t\t\t\t\t<div class=\"elementor-spacer\">\n\t\t\t<div class=\"elementor-spacer-inner\"><\/div>\n\t\t<\/div>\n\t\t\t\t\t\t<\/div>\n\t\t\t\t<\/div>\n\t\t\t\t\t<\/div>\n\t\t<\/div>\n\t\t\t\t\t<\/div>\n\t\t<\/section>\n\t\t\t\t<section class=\"elementor-section elementor-top-section elementor-element elementor-element-b14d564 elementor-section-boxed elementor-section-height-default elementor-section-height-default parallax_section_no qode_elementor_container_no\" data-id=\"b14d564\" data-element_type=\"section\" data-e-type=\"section\" data-settings=\"{&quot;background_background&quot;:&quot;classic&quot;}\">\n\t\t\t\t\t\t\t<div class=\"elementor-background-overlay\"><\/div>\n\t\t\t\t\t\t\t<div class=\"elementor-container elementor-column-gap-default\">\n\t\t\t\t\t<div class=\"elementor-column elementor-col-100 elementor-top-column elementor-element elementor-element-9f2bd81\" data-id=\"9f2bd81\" data-element_type=\"column\" data-e-type=\"column\">\n\t\t\t<div class=\"elementor-widget-wrap elementor-element-populated\">\n\t\t\t\t\t\t<div class=\"elementor-element elementor-element-ad7d9f7 elementor-invisible elementor-widget elementor-widget-heading\" data-id=\"ad7d9f7\" data-element_type=\"widget\" data-e-type=\"widget\" data-settings=\"{&quot;_animation&quot;:&quot;fadeInLeft&quot;}\" data-widget_type=\"heading.default\">\n\t\t\t\t<div class=\"elementor-widget-container\">\n\t\t\t\t\t<h1 class=\"elementor-heading-title elementor-size-default\">Food &amp; drink at the castle tavern<\/h1>\t\t\t\t<\/div>\n\t\t\t\t<\/div>\n\t\t\t\t\t<\/div>\n\t\t<\/div>\n\t\t\t\t\t<\/div>\n\t\t<\/section>\n\t\t\t\t<section class=\"elementor-section elementor-top-section elementor-element elementor-element-11d37c0 elementor-section-boxed elementor-section-height-default elementor-section-height-default parallax_section_no qode_elementor_container_no\" data-id=\"11d37c0\" data-element_type=\"section\" data-e-type=\"section\" data-settings=\"{&quot;background_background&quot;:&quot;classic&quot;}\">\n\t\t\t\t\t\t<div class=\"elementor-container elementor-column-gap-default\">\n\t\t\t\t\t<div class=\"elementor-column elementor-col-50 elementor-top-column elementor-element elementor-element-1f5b473\" data-id=\"1f5b473\" data-element_type=\"column\" data-e-type=\"column\" data-settings=\"{&quot;background_background&quot;:&quot;classic&quot;}\">\n\t\t\t<div class=\"elementor-widget-wrap elementor-element-populated\">\n\t\t\t\t\t\t<div class=\"elementor-element elementor-element-e5c0a90 elementor-widget elementor-widget-text-editor\" data-id=\"e5c0a90\" data-element_type=\"widget\" data-e-type=\"widget\" data-widget_type=\"text-editor.default\">\n\t\t\t\t<div class=\"elementor-widget-container\">\n\t\t\t\t\t\t\t\t\t<div class=\"elementor-element elementor-element-37bc7b1 elementor-widget elementor-widget-heading\" data-id=\"37bc7b1\" data-element_type=\"widget\" data-widget_type=\"heading.default\"><div class=\"elementor-widget-container\"><h2>HOMEMADE AND LOCAL FOOD<\/h2><\/div><\/div><div class=\"elementor-element elementor-element-bffa319 elementor-widget elementor-widget-text-editor\" data-id=\"bffa319\" data-element_type=\"widget\" data-widget_type=\"text-editor.default\"><div class=\"elementor-widget-container\"><div class=\"elementor-text-editor elementor-clearfix\"><p>Die hellen\u00a0<strong>Innenr\u00e4ume<\/strong> in unserer Selbstbedienungs-Taverne bieten <strong>Platz f\u00fcr 150 Personen<\/strong>, der gro\u00dfz\u00fcgige <strong>Gastgarten<\/strong>\u00a0f\u00fcr\u00a0<strong>300 Personen<\/strong>. Sowohl von drau\u00dfen als auch von drinnen hat man einen grandiosen Blick auf das s\u00fcdoststeirische H\u00fcgelland mit Aussicht bis nach Slowenien, Ungarn und K\u00e4rnten.<br \/><br \/><\/p><p class=\"translation-block\">For entertainment of our little guests there is an big <strong>children's playground<\/strong> with a knight's castle for climbing, balancing and sliding.<\/p><p class=\"translation-block\">A<strong> stage<\/strong> in the tavern garden offers enough space for live bands to perform at our events such as the <strong><a href=\"\/en\/aktuelles\/#vollmond\" target=\"_blank\" rel=\"noopener\">Full Moon Night<\/a><\/strong>.<\/p><p class=\"translation-block\">The tavern is also the exit point for the  <a href=\"\/en\/erlebnisse-burgareal\/#kletternamvulkan\" target=\"_blank\" rel=\"noopener\"><strong>Leopold route<\/strong><\/a>, an excellent beginner and <strong>educational route<\/strong> that takes climbers over the volcanic rock.<\/p><p><strong>Gruppenreservierungen<\/strong> nehmen wir jederzeit gerne <a href=\"mailto:taverne@dieriegersburg.at?subject=Anfrage \u00fcber Homepage www.dieriegersburg.at\"><strong>per<\/strong> <strong>email<\/strong><\/a> oder unter <a href=\"tel:+4331538213\" target=\"_blank\" rel=\"noopener\"><strong>+43 3153 82 13<\/strong><\/a>\u00a0entgegen.<br \/><br \/><\/p><p><span style=\"text-decoration: underline;\"><strong>Opening hours castle tavern:<br \/><\/strong><\/span><strong>29. M\u00c4RZ 2026 &#8211; MAI<\/strong><br \/>t\u00e4glich von 10:00 bis 17:00 Uhr<br \/><strong>JUNI &#8211; SEPTEMBER<\/strong><br \/>t\u00e4glich von 9:00 bis 17:00 Uhr<br \/><strong>OKTOBER &#8211; 1. NOVEMBER 2026<\/strong><br \/>t\u00e4glich von 10:00 bis 17:00 Uhr<\/p><\/div><\/div><\/div>\t\t\t\t\t\t\t\t<\/div>\n\t\t\t\t<\/div>\n\t\t\t\t\t<\/div>\n\t\t<\/div>\n\t\t\t\t<div class=\"elementor-column elementor-col-50 elementor-top-column elementor-element elementor-element-56d9e0a\" data-id=\"56d9e0a\" data-element_type=\"column\" data-e-type=\"column\">\n\t\t\t<div class=\"elementor-widget-wrap elementor-element-populated\">\n\t\t\t\t\t\t<div class=\"elementor-element elementor-element-7e9e13d elementor-invisible elementor-widget elementor-widget-image\" data-id=\"7e9e13d\" data-element_type=\"widget\" data-e-type=\"widget\" data-settings=\"{&quot;_animation&quot;:&quot;fadeInRight&quot;}\" data-widget_type=\"image.default\">\n\t\t\t\t<div class=\"elementor-widget-container\">\n\t\t\t\t\t\t\t\t\t\t\t\t\t\t\t<img fetchpriority=\"high\" decoding=\"async\" width=\"1024\" height=\"606\" src=\"https:\/\/www.dieriegersburg.at\/wp-content\/uploads\/2022\/03\/Riegersburg_Burgtaverne-9-1024x606.jpg\" class=\"attachment-large size-large wp-image-2759\" alt=\"\" srcset=\"https:\/\/www.dieriegersburg.at\/wp-content\/uploads\/2022\/03\/Riegersburg_Burgtaverne-9-1024x606.jpg 1024w, https:\/\/www.dieriegersburg.at\/wp-content\/uploads\/2022\/03\/Riegersburg_Burgtaverne-9-300x178.jpg 300w, https:\/\/www.dieriegersburg.at\/wp-content\/uploads\/2022\/03\/Riegersburg_Burgtaverne-9-768x455.jpg 768w, https:\/\/www.dieriegersburg.at\/wp-content\/uploads\/2022\/03\/Riegersburg_Burgtaverne-9-700x415.jpg 700w, https:\/\/www.dieriegersburg.at\/wp-content\/uploads\/2022\/03\/Riegersburg_Burgtaverne-9.jpg 1280w\" sizes=\"(max-width: 1024px) 100vw, 1024px\" \/>\t\t\t\t\t\t\t\t\t\t\t\t\t\t\t<\/div>\n\t\t\t\t<\/div>\n\t\t\t\t\t<\/div>\n\t\t<\/div>\n\t\t\t\t\t<\/div>\n\t\t<\/section>\n\t\t\t\t<\/div>","protected":false},"excerpt":{"rendered":"<p>Essen &amp; Trinken in der Burgtaverne Hausgemachte und Regionale Speisen Die hellen\u00a0Innenr\u00e4ume in unserer Selbstbedienungs-Taverne bieten Platz f\u00fcr 150 Personen, der gro\u00dfz\u00fcgige Gastgarten\u00a0f\u00fcr\u00a0300 Personen. Sowohl von drau\u00dfen als auch von drinnen hat man einen grandiosen Blick auf das s\u00fcdoststeirische H\u00fcgelland mit Aussicht bis nach Slowenien,&#8230;<\/p>","protected":false},"author":6,"featured_media":0,"parent":0,"menu_order":0,"comment_status":"closed","ping_status":"open","template":"","meta":{"inline_featured_image":false,"footnotes":""},"class_list":["post-2754","page","type-page","status-publish","hentry"],"yoast_head":"<!-- This site is optimized with the Yoast SEO plugin v27.4 - https:\/\/yoast.com\/product\/yoast-seo-wordpress\/ -->\n<title>Burgtaverne - Burg Riegersburg<\/title>\n<meta name=\"description\" content=\"Die Burgtaverne bietet im Innenbereich viel Platz und eine wundersch\u00f6ne Aussicht. Der gro\u00dfe Gastgarten mit Spielplatz l\u00e4dt zum Verweilen ein.\" \/>\n<meta name=\"robots\" content=\"index, follow, max-snippet:-1, max-image-preview:large, max-video-preview:-1\" \/>\n<link rel=\"canonical\" href=\"https:\/\/www.dieriegersburg.at\/en\/burgtaverne\/\" \/>\n<meta property=\"og:locale\" content=\"en_GB\" \/>\n<meta property=\"og:type\" content=\"article\" \/>\n<meta property=\"og:title\" content=\"Burgtaverne - Burg Riegersburg\" \/>\n<meta property=\"og:description\" content=\"Die Burgtaverne bietet im Innenbereich viel Platz und eine wundersch\u00f6ne Aussicht. Der gro\u00dfe Gastgarten mit Spielplatz l\u00e4dt zum Verweilen ein.\" \/>\n<meta property=\"og:url\" content=\"https:\/\/www.dieriegersburg.at\/en\/burgtaverne\/\" \/>\n<meta property=\"og:site_name\" content=\"Burg Riegersburg\" \/>\n<meta property=\"article:publisher\" content=\"https:\/\/www.facebook.com\/dieriegersburg\" \/>\n<meta property=\"article:modified_time\" content=\"2026-03-31T16:30:00+00:00\" \/>\n<meta property=\"og:image\" content=\"https:\/\/www.dieriegersburg.at\/wp-content\/uploads\/2022\/03\/Riegersburg_Burgtaverne-9.jpg\" \/>\n\t<meta property=\"og:image:width\" content=\"1280\" \/>\n\t<meta property=\"og:image:height\" content=\"758\" \/>\n\t<meta property=\"og:image:type\" content=\"image\/jpeg\" \/>\n<meta name=\"twitter:card\" content=\"summary_large_image\" \/>\n<meta name=\"twitter:label1\" content=\"Estimated reading time\" \/>\n\t<meta name=\"twitter:data1\" content=\"2 minutes\" \/>\n<script type=\"application\/ld+json\" class=\"yoast-schema-graph\">{\"@context\":\"https:\\\/\\\/schema.org\",\"@graph\":[{\"@type\":\"WebPage\",\"@id\":\"https:\\\/\\\/www.dieriegersburg.at\\\/burgtaverne\\\/\",\"url\":\"https:\\\/\\\/www.dieriegersburg.at\\\/burgtaverne\\\/\",\"name\":\"Burgtaverne - Burg Riegersburg\",\"isPartOf\":{\"@id\":\"https:\\\/\\\/www.dieriegersburg.at\\\/#website\"},\"primaryImageOfPage\":{\"@id\":\"https:\\\/\\\/www.dieriegersburg.at\\\/burgtaverne\\\/#primaryimage\"},\"image\":{\"@id\":\"https:\\\/\\\/www.dieriegersburg.at\\\/burgtaverne\\\/#primaryimage\"},\"thumbnailUrl\":\"https:\\\/\\\/www.dieriegersburg.at\\\/wp-content\\\/uploads\\\/2022\\\/03\\\/Riegersburg_Burgtaverne-9-1024x606.jpg\",\"datePublished\":\"2022-03-24T17:41:32+00:00\",\"dateModified\":\"2026-03-31T16:30:00+00:00\",\"description\":\"Die Burgtaverne bietet im Innenbereich viel Platz und eine wundersch\u00f6ne Aussicht. Der gro\u00dfe Gastgarten mit Spielplatz l\u00e4dt zum Verweilen ein.\",\"breadcrumb\":{\"@id\":\"https:\\\/\\\/www.dieriegersburg.at\\\/burgtaverne\\\/#breadcrumb\"},\"inLanguage\":\"en-GB\",\"potentialAction\":[{\"@type\":\"ReadAction\",\"target\":[\"https:\\\/\\\/www.dieriegersburg.at\\\/burgtaverne\\\/\"]}]},{\"@type\":\"ImageObject\",\"inLanguage\":\"en-GB\",\"@id\":\"https:\\\/\\\/www.dieriegersburg.at\\\/burgtaverne\\\/#primaryimage\",\"url\":\"https:\\\/\\\/www.dieriegersburg.at\\\/wp-content\\\/uploads\\\/2022\\\/03\\\/Riegersburg_Burgtaverne-9-1024x606.jpg\",\"contentUrl\":\"https:\\\/\\\/www.dieriegersburg.at\\\/wp-content\\\/uploads\\\/2022\\\/03\\\/Riegersburg_Burgtaverne-9-1024x606.jpg\"},{\"@type\":\"BreadcrumbList\",\"@id\":\"https:\\\/\\\/www.dieriegersburg.at\\\/burgtaverne\\\/#breadcrumb\",\"itemListElement\":[{\"@type\":\"ListItem\",\"position\":1,\"name\":\"Startseite\",\"item\":\"https:\\\/\\\/www.dieriegersburg.at\\\/\"},{\"@type\":\"ListItem\",\"position\":2,\"name\":\"Burgtaverne\"}]},{\"@type\":\"WebSite\",\"@id\":\"https:\\\/\\\/www.dieriegersburg.at\\\/#website\",\"url\":\"https:\\\/\\\/www.dieriegersburg.at\\\/\",\"name\":\"Burg Riegersburg\",\"description\":\"Die Burg Riegersburg erleben\",\"publisher\":{\"@id\":\"https:\\\/\\\/www.dieriegersburg.at\\\/#organization\"},\"potentialAction\":[{\"@type\":\"SearchAction\",\"target\":{\"@type\":\"EntryPoint\",\"urlTemplate\":\"https:\\\/\\\/www.dieriegersburg.at\\\/?s={search_term_string}\"},\"query-input\":{\"@type\":\"PropertyValueSpecification\",\"valueRequired\":true,\"valueName\":\"search_term_string\"}}],\"inLanguage\":\"en-GB\"},{\"@type\":\"Organization\",\"@id\":\"https:\\\/\\\/www.dieriegersburg.at\\\/#organization\",\"name\":\"Die Riegersburg\",\"url\":\"https:\\\/\\\/www.dieriegersburg.at\\\/\",\"logo\":{\"@type\":\"ImageObject\",\"inLanguage\":\"en-GB\",\"@id\":\"https:\\\/\\\/www.dieriegersburg.at\\\/#\\\/schema\\\/logo\\\/image\\\/\",\"url\":\"https:\\\/\\\/www.dieriegersburg.at\\\/wp-content\\\/uploads\\\/2022\\\/01\\\/Riegersburg_Logo_2022_rgb.png\",\"contentUrl\":\"https:\\\/\\\/www.dieriegersburg.at\\\/wp-content\\\/uploads\\\/2022\\\/01\\\/Riegersburg_Logo_2022_rgb.png\",\"width\":2303,\"height\":1299,\"caption\":\"Die Riegersburg\"},\"image\":{\"@id\":\"https:\\\/\\\/www.dieriegersburg.at\\\/#\\\/schema\\\/logo\\\/image\\\/\"},\"sameAs\":[\"https:\\\/\\\/www.facebook.com\\\/dieriegersburg\",\"https:\\\/\\\/www.instagram.com\\\/dieriegersburg\\\/\",\"https:\\\/\\\/www.youtube.com\\\/channel\\\/UC52iKTzM4gwcyU1dgTElFrw\"]}]}<\/script>\n<!-- \/ Yoast SEO plugin. -->","yoast_head_json":{"title":"Burgtaverne - Burg Riegersburg","description":"Die Burgtaverne bietet im Innenbereich viel Platz und eine wundersch\u00f6ne Aussicht. Der gro\u00dfe Gastgarten mit Spielplatz l\u00e4dt zum Verweilen ein.","robots":{"index":"index","follow":"follow","max-snippet":"max-snippet:-1","max-image-preview":"max-image-preview:large","max-video-preview":"max-video-preview:-1"},"canonical":"https:\/\/www.dieriegersburg.at\/en\/burgtaverne\/","og_locale":"en_GB","og_type":"article","og_title":"Burgtaverne - Burg Riegersburg","og_description":"Die Burgtaverne bietet im Innenbereich viel Platz und eine wundersch\u00f6ne Aussicht. Der gro\u00dfe Gastgarten mit Spielplatz l\u00e4dt zum Verweilen ein.","og_url":"https:\/\/www.dieriegersburg.at\/en\/burgtaverne\/","og_site_name":"Burg Riegersburg","article_publisher":"https:\/\/www.facebook.com\/dieriegersburg","article_modified_time":"2026-03-31T16:30:00+00:00","og_image":[{"width":1280,"height":758,"url":"https:\/\/www.dieriegersburg.at\/wp-content\/uploads\/2022\/03\/Riegersburg_Burgtaverne-9.jpg","type":"image\/jpeg"}],"twitter_card":"summary_large_image","twitter_misc":{"Estimated reading time":"2 minutes"},"schema":{"@context":"https:\/\/schema.org","@graph":[{"@type":"WebPage","@id":"https:\/\/www.dieriegersburg.at\/burgtaverne\/","url":"https:\/\/www.dieriegersburg.at\/burgtaverne\/","name":"Burgtaverne - Burg Riegersburg","isPartOf":{"@id":"https:\/\/www.dieriegersburg.at\/#website"},"primaryImageOfPage":{"@id":"https:\/\/www.dieriegersburg.at\/burgtaverne\/#primaryimage"},"image":{"@id":"https:\/\/www.dieriegersburg.at\/burgtaverne\/#primaryimage"},"thumbnailUrl":"https:\/\/www.dieriegersburg.at\/wp-content\/uploads\/2022\/03\/Riegersburg_Burgtaverne-9-1024x606.jpg","datePublished":"2022-03-24T17:41:32+00:00","dateModified":"2026-03-31T16:30:00+00:00","description":"Die Burgtaverne bietet im Innenbereich viel Platz und eine wundersch\u00f6ne Aussicht. Der gro\u00dfe Gastgarten mit Spielplatz l\u00e4dt zum Verweilen ein.","breadcrumb":{"@id":"https:\/\/www.dieriegersburg.at\/burgtaverne\/#breadcrumb"},"inLanguage":"en-GB","potentialAction":[{"@type":"ReadAction","target":["https:\/\/www.dieriegersburg.at\/burgtaverne\/"]}]},{"@type":"ImageObject","inLanguage":"en-GB","@id":"https:\/\/www.dieriegersburg.at\/burgtaverne\/#primaryimage","url":"https:\/\/www.dieriegersburg.at\/wp-content\/uploads\/2022\/03\/Riegersburg_Burgtaverne-9-1024x606.jpg","contentUrl":"https:\/\/www.dieriegersburg.at\/wp-content\/uploads\/2022\/03\/Riegersburg_Burgtaverne-9-1024x606.jpg"},{"@type":"BreadcrumbList","@id":"https:\/\/www.dieriegersburg.at\/burgtaverne\/#breadcrumb","itemListElement":[{"@type":"ListItem","position":1,"name":"Startseite","item":"https:\/\/www.dieriegersburg.at\/"},{"@type":"ListItem","position":2,"name":"Burgtaverne"}]},{"@type":"WebSite","@id":"https:\/\/www.dieriegersburg.at\/#website","url":"https:\/\/www.dieriegersburg.at\/","name":"Burg Riegersburg","description":"Die Burg Riegersburg erleben","publisher":{"@id":"https:\/\/www.dieriegersburg.at\/#organization"},"potentialAction":[{"@type":"SearchAction","target":{"@type":"EntryPoint","urlTemplate":"https:\/\/www.dieriegersburg.at\/?s={search_term_string}"},"query-input":{"@type":"PropertyValueSpecification","valueRequired":true,"valueName":"search_term_string"}}],"inLanguage":"en-GB"},{"@type":"Organization","@id":"https:\/\/www.dieriegersburg.at\/#organization","name":"Riegersburg Castle","url":"https:\/\/www.dieriegersburg.at\/","logo":{"@type":"ImageObject","inLanguage":"en-GB","@id":"https:\/\/www.dieriegersburg.at\/#\/schema\/logo\/image\/","url":"https:\/\/www.dieriegersburg.at\/wp-content\/uploads\/2022\/01\/Riegersburg_Logo_2022_rgb.png","contentUrl":"https:\/\/www.dieriegersburg.at\/wp-content\/uploads\/2022\/01\/Riegersburg_Logo_2022_rgb.png","width":2303,"height":1299,"caption":"Die Riegersburg"},"image":{"@id":"https:\/\/www.dieriegersburg.at\/#\/schema\/logo\/image\/"},"sameAs":["https:\/\/www.facebook.com\/dieriegersburg","https:\/\/www.instagram.com\/dieriegersburg\/","https:\/\/www.youtube.com\/channel\/UC52iKTzM4gwcyU1dgTElFrw"]}]}},"_links":{"self":[{"href":"https:\/\/www.dieriegersburg.at\/en\/wp-json\/wp\/v2\/pages\/2754","targetHints":{"allow":["GET"]}}],"collection":[{"href":"https:\/\/www.dieriegersburg.at\/en\/wp-json\/wp\/v2\/pages"}],"about":[{"href":"https:\/\/www.dieriegersburg.at\/en\/wp-json\/wp\/v2\/types\/page"}],"author":[{"embeddable":true,"href":"https:\/\/www.dieriegersburg.at\/en\/wp-json\/wp\/v2\/users\/6"}],"replies":[{"embeddable":true,"href":"https:\/\/www.dieriegersburg.at\/en\/wp-json\/wp\/v2\/comments?post=2754"}],"version-history":[{"count":10,"href":"https:\/\/www.dieriegersburg.at\/en\/wp-json\/wp\/v2\/pages\/2754\/revisions"}],"predecessor-version":[{"id":12037,"href":"https:\/\/www.dieriegersburg.at\/en\/wp-json\/wp\/v2\/pages\/2754\/revisions\/12037"}],"wp:attachment":[{"href":"https:\/\/www.dieriegersburg.at\/en\/wp-json\/wp\/v2\/media?parent=2754"}],"curies":[{"name":"wp","href":"https:\/\/api.w.org\/{rel}","templated":true}]}}