{"id":3,"date":"2022-01-17T10:01:34","date_gmt":"2022-01-17T09:01:34","guid":{"rendered":"https:\/\/www.dieriegersburg.at\/?page_id=3"},"modified":"2023-07-26T16:27:10","modified_gmt":"2023-07-26T14:27:10","slug":"datenschutzerklaerung","status":"publish","type":"page","link":"https:\/\/www.dieriegersburg.at\/en\/datenschutzerklaerung\/","title":{"rendered":"Privacy policy"},"content":{"rendered":"<p> <\/p>\n\n\n\n<h1 class=\"wp-block-heading\" id=\"datenschutzerklarung\">DATENSCHUTZERKL\u00c4RUNG<\/h1>\n\n\n\n<p>Anbieter des Onlineangebotes und die datenschutzrechtlich verantwortliche Stelle ist&nbsp;<strong>Burg Riegersburg Betriebs GmbH<\/strong>, Riegersburg 21, 8333 Riegersburg (nachfolgend bezeichnet als \u201eAnbieterIn\u201c, \u201ewir\u201c oder \u201euns\u201c).<\/p>\n\n\n\n<p>Diese Datenschutzerkl\u00e4rung kl\u00e4rt \u00fcber die Art, den Umfang und Zweck der Verarbeitung (u.a. Erhebung, Verarbeitung und Nutzung sowie Einholung von Einwilligungen) von personenbezogenen Daten innerhalb unseres Onlineangebotes und der mit ihm verbundenen Webseiten, Funktionen und Inhalte (nachfolgend gemeinsam bezeichnet als \u201eOnlineangebot\u201c oder \u201eWebsite\u201c) auf. Die Datenschutzerkl\u00e4rung gilt unabh\u00e4ngig von den verwendeten Domains, Systemen, Plattformen und Ger\u00e4ten (z.B. Desktop oder Mobile) auf denen das Onlineangebot ausgef\u00fchrt wird.<\/p>\n\n\n\n<p>Der Begriff \u201eNutzer\u201c umfasst alle Kunden und Besucher unseres Onlineangebotes. Die verwendeten Begrifflichkeiten, wie z.B. \u201eNutzer\u201c sind geschlechtsneutral zu verstehen.<\/p>\n\n\n\n<p> <\/p>\n\n\n\n<div style=\"height:30px\" aria-hidden=\"true\" class=\"wp-block-spacer\"><\/div>\n\n\n\n<h3 class=\"wp-block-heading\" id=\"verantwortlicher\">Verantwortlicher<\/h3>\n\n\n\n<p><strong>Burg Riegersburg Betriebs GmbH<\/strong><br>8333 Riegersburg 21, Austria<br>B\u00fcro: +43 3153 8312-5<br>E-Mail: office (at) dieriegersburg.at<br>UID-number: ATU 75097324<br>Firmenbuchgericht: ZRS Graz<br>Firmenbuchnummer: FN 525964 b<\/p>\n\n\n\n<p><\/p>\n\n\n\n<div style=\"height:30px\" aria-hidden=\"true\" class=\"wp-block-spacer\"><\/div>\n\n\n\n<h3 class=\"wp-block-heading\" id=\"grundsatzliche-angaben-zur-datenverarbeitung\">Grunds\u00e4tzliche Angaben zur Datenverarbeitung<\/h3>\n\n\n\n<p>Wir verarbeiten personenbezogene Daten der Nutzer nur unter Einhaltung der einschl\u00e4gigen Datenschutzbestimmungen entsprechend den Geboten der Datensparsamkeit- und Datenvermeidung. Das bedeutet die Daten der Nutzer werden nur beim Vorliegen einer gesetzlichen Erlaubnis, insbesondere wenn die Daten zur Erbringung unserer vertraglichen Leistungen sowie Online-Services erforderlich, bzw. gesetzlich vorgeschrieben sind oder beim Vorliegen einer Einwilligung verarbeitet.<\/p>\n\n\n\n<p>Wir treffen organisatorische, vertragliche und technische Sicherheitsma\u00dfnahmen entsprechend dem Stand der Technik, um sicher zu stellen, dass die Vorschriften der Datenschutzgesetze eingehalten werden und um damit die durch uns verarbeiteten Daten gegen zuf\u00e4llige oder vors\u00e4tzliche Manipulationen, Verlust, Zerst\u00f6rung oder gegen den Zugriff unberechtigter Personen zu sch\u00fctzen.<\/p>\n\n\n\n<p>Sofern im Rahmen dieser Datenschutzerkl\u00e4rung Inhalte, Werkzeuge oder sonstige Mittel von anderen Anbietern (nachfolgend gemeinsam bezeichnet als \u201eDritt-Anbieter\u201c) eingesetzt werden und deren genannter Sitz im Ausland ist, ist davon auszugehen, dass ein Datentransfer in die Sitzstaaten der Dritt-Anbieter stattfindet. Die \u00dcbermittlung von Daten in Drittstaaten erfolgt entweder auf Grundlage einer gesetzlichen Erlaubnis, einer Einwilligung der Nutzer oder spezieller Vertragsklauseln, die eine gesetzlich vorausgesetzte Sicherheit der Daten gew\u00e4hrleisten.<\/p>\n\n\n\n<div style=\"height:30px\" aria-hidden=\"true\" class=\"wp-block-spacer\"><\/div>\n\n\n\n<h3 class=\"wp-block-heading\" id=\"verarbeitung-personenbezogener-daten\">Verarbeitung personenbezogener Daten<\/h3>\n\n\n\n<p>Die personenbezogenen Daten werden, neben den ausdr\u00fccklich in dieser Datenschutzerkl\u00e4rung genannten Verwendung, f\u00fcr die folgenden Zwecke auf Grundlage gesetzlicher Erlaubnisse oder Einwilligungen der Nutzer verarbeitet:<br>\u2013 Die Zurverf\u00fcgungstellung, Ausf\u00fchrung, Pflege, Optimierung und Sicherung unserer Dienste-, Service- und Nutzerleistungen;<br>\u2013 Die Gew\u00e4hrleistung eines effektiven Kundendienstes und technischen Supports.<\/p>\n\n\n\n<p>Wir \u00fcbermitteln die Daten der Nutzer an Dritte nur, wenn dies f\u00fcr Abrechnungszwecke notwendig ist (z.B. an einen Zahlungsdienstleister) oder f\u00fcr andere Zwecke, wenn diese notwendig sind, um unsere vertraglichen Verpflichtungen gegen\u00fcber den Nutzern zu erf\u00fcllen (z.B. Adressmitteilung an Lieferanten).<\/p>\n\n\n\n<p>Bei der Kontaktaufnahme mit uns (per Kontaktformular oder Email) werden die Angaben des Nutzers zwecks Bearbeitung der Anfrage sowie f\u00fcr den Fall, dass Anschlussfragen entstehen, gespeichert.<br>Personenbezogene Daten werden gel\u00f6scht, sofern sie ihren Verwendungszweck erf\u00fcllt haben und der L\u00f6schung keine Aufbewahrungspflichten entgegenstehen.<\/p>\n\n\n\n<div style=\"height:30px\" aria-hidden=\"true\" class=\"wp-block-spacer\"><\/div>\n\n\n\n<h3 class=\"wp-block-heading\" id=\"erhebung-von-zugriffsdaten\">Erhebung von Zugriffsdaten<\/h3>\n\n\n\n<p>Wir verwenden die Protokolldaten ohne Zuordnung zur Person des Nutzers oder sonstiger Profilerstellung entsprechend den gesetzlichen Bestimmungen nur f\u00fcr statistische Auswertungen zum Zweck des Betriebs, der Sicherheit und der Optimierung unseres Onlineangebotes. Wir behalten uns jedoch vor, die Protokolldaten nachtr\u00e4glich zu \u00fcberpr\u00fcfen, wenn aufgrund konkreter Anhaltspunkte der berechtigte Verdacht einer rechtswidrigen Nutzung besteht.<\/p>\n\n\n\n<p>Wir erheben Daten \u00fcber jeden Zugriff auf den Server, auf dem sich dieser Dienst befindet (so genannte Serverlogfiles). Zu den Zugriffsdaten geh\u00f6ren Name der abgerufenen Webseite, Datei, Datum und Uhrzeit des Abrufs, \u00fcbertragene Datenmenge, Meldung \u00fcber erfolgreichen Abruf, Browsertyp nebst Version, das Betriebssystem des Nutzers, Referrer URL (die zuvor besuchte Seite), IP-Adresse und der anfragende Provider.<\/p>\n\n\n\n<div style=\"height:30px\" aria-hidden=\"true\" class=\"wp-block-spacer\"><\/div>\n\n\n\n<h3 class=\"wp-block-heading\" id=\"cookies-und-reichweitenmessung\">Cookies und Reichweitenmessung<\/h3>\n\n\n\n<p>Cookies sind Informationen, die von unserem Webserver oder Webservern Dritter an die Web-Browser der Nutzer \u00fcbertragen und dort f\u00fcr einen sp\u00e4teren Abruf gespeichert werden. \u00dcber den Einsatz von Cookies im Rahmen pseudonymer Reichweitenmessung werden die Nutzer im Rahmen dieser Datenschutzerkl\u00e4rung informiert.<\/p>\n\n\n\n<p>Die Betrachtung dieses Onlineangebotes ist auch unter Ausschluss von Cookies m\u00f6glich. Falls die Nutzer nicht m\u00f6chten, dass Cookies auf ihrem Rechner gespeichert werden, werden sie gebeten die entsprechende Option in den Systemeinstellungen ihres Browsers zu deaktivieren. Gespeicherte Cookies k\u00f6nnen in den Systemeinstellungen des Browsers gel\u00f6scht werden. Der Ausschluss von Cookies kann zu Funktionseinschr\u00e4nkungen dieses Onlineangebotes f\u00fchren.<\/p>\n\n\n\n<p>Es besteht die M\u00f6glichkeit, viele Online-Anzeigen-Cookies von Unternehmen \u00fcber die US-amerikanische Seite&nbsp;<a href=\"http:\/\/www.aboutads.info\/choices\">http:\/\/www.aboutads.info\/choices<\/a>&nbsp;oder die EU-Seite&nbsp;<a href=\"http:\/\/www.youronlinechoices.com\/uk\/your-ad-choices\/\">http:\/\/www.youronlinechoices.com\/uk\/your-ad-choices\/<\/a>&nbsp;zu verwalten.<\/p>\n\n\n\n<div style=\"height:30px\" aria-hidden=\"true\" class=\"wp-block-spacer\"><\/div>\n\n\n\n<h3 class=\"wp-block-heading\" id=\"google-analytics\">Google Analytics<\/h3>\n\n\n\n<p>Wir setzen Google Analytics, einen Webanalysedienst der Google Ireland Ltd. (\u201eGoogle\u201c) ein. Google verwendet Cookies. Die durch das Cookie erzeugten Informationen \u00fcber Benutzung des Onlineangebotes durch die Nutzer werden in der Regel an einen Server von Google in den USA \u00fcbertragen und dort gespeichert.<\/p>\n\n\n\n<p>Google wird diese Informationen in unserem Auftrag benutzen, um die Nutzung unseres Onlineangebotes durch die Nutzer auszuwerten, um Reports \u00fcber die Aktivit\u00e4ten innerhalb dieses Onlineangebotes zusammenzustellen und um weitere mit der Nutzung dieses Onlineangebotes und der Internetnutzung verbundene Dienstleistungen uns gegen\u00fcber zu erbringen. Dabei k\u00f6nnen aus den verarbeiteten Daten pseudonyme Nutzungsprofile der Nutzer erstellt werden.<\/p>\n\n\n\n<p>Wir setzen Google Analytics nur mit aktivierter IP-Anonymisierung ein. Das bedeutet, die IP-Adresse der Nutzer wird von Google innerhalb von Mitgliedstaaten der Europ\u00e4ischen Union oder in anderen Vertragsstaaten des Abkommens \u00fcber den Europ\u00e4ischen Wirtschaftsraum gek\u00fcrzt. Nur in Ausnahmef\u00e4llen wird die volle IP-Adresse an einen Server von Google in den USA \u00fcbertragen und dort gek\u00fcrzt.<\/p>\n\n\n\n<p>Die von dem Browser des Nutzers \u00fcbermittelte IP-Adresse wird nicht mit anderen Daten von Google zusammengef\u00fchrt. Die Nutzer k\u00f6nnen die Speicherung der Cookies durch eine entsprechende Einstellung ihrer Browser-Software verhindern; die Nutzer k\u00f6nnen dar\u00fcber hinaus die Erfassung der durch das Cookie erzeugten und auf ihre Nutzung des Onlineangebotes bezogenen Daten an Google sowie die Verarbeitung dieser Daten durch Google verhindern, indem sie das unter dem folgenden Link verf\u00fcgbare Browser-Plugin herunterladen und installieren:&nbsp;<a href=\"https:\/\/tools.google.com\/dlpage\/gaoptout?hl=de\">https:\/\/tools.google.com\/dlpage\/gaoptout?hl=de<\/a>.<\/p>\n\n\n\n<p>Weitere Informationen zur Datennutzung zu Werbezwecken durch Google, Einstellungs- und Widerspruchsm\u00f6glichkeiten erfahren Sie auf den Webseiten von Google:&nbsp;<a href=\"https:\/\/www.google.com\/intl\/de\/policies\/privacy\/partners\">https:\/\/www.google.com\/intl\/de\/policies\/privacy\/partners<\/a>&nbsp;(\u201eDatennutzung durch Google bei Ihrer Nutzung von Websites oder Apps unserer Partner\u201c),&nbsp;<a href=\"http:\/\/www.google.com\/policies\/technologies\/ads\">http:\/\/www.google.com\/policies\/technologies\/ads<\/a>&nbsp;(\u201eDatennutzung zu Werbezwecken\u201c),&nbsp;<a href=\"http:\/\/www.google.de\/settings\/ads\">http:\/\/www.google.de\/settings\/ads<\/a>&nbsp;(\u201eInformationen verwalten, die Google verwendet, um Ihnen Werbung einzublenden\u201c) und&nbsp;<a href=\"http:\/\/www.google.com\/ads\/preferences\">http:\/\/www.google.com\/ads\/preferences<\/a>&nbsp;(\u201eBestimmen Sie, welche Werbung Google Ihnen zeigt\u201c).<\/p>\n\n\n\n<div style=\"height:30px\" aria-hidden=\"true\" class=\"wp-block-spacer\"><\/div>\n\n\n\n<h3 class=\"wp-block-heading\" id=\"einbindung-von-diensten-und-inhalten-dritter\">Einbindung von Diensten und Inhalten Dritter<\/h3>\n\n\n\n<p>Es kann vorkommen, dass innerhalb unseres Onlineangebotes Inhalte oder Dienste von Dritt-Anbietern, wie zum Beispiel Stadtpl\u00e4ne oder Schriftarten von anderen Webseiten eingebunden werden. Die Einbindung von Inhalten der Dritt-Anbieter setzt immer voraus, dass die Dritt-Anbieter die IP-Adresse der Nutzer wahrnehmen, da sie ohne die IP-Adresse die Inhalte nicht an den Browser der Nutzer senden k\u00f6nnten. Die IP-Adresse ist damit f\u00fcr die Darstellung dieser Inhalte erforderlich. Des Weiteren k\u00f6nnen die Anbieter der Dritt-Inhalte eigene Cookies setzen und die Daten der Nutzer f\u00fcr eigene Zwecke verarbeiten. Dabei k\u00f6nnen aus den verarbeiteten Daten Nutzungsprofile der Nutzer erstellt werden. Wir werden diese Inhalte m\u00f6glichst datensparsam und datenvermeidend einsetzen sowie im Hinblick auf die Datensicherheit zuverl\u00e4ssige Dritt-Anbieter w\u00e4hlen.<\/p>\n\n\n\n<p>Die nachfolgende Darstellung bietet eine \u00dcbersicht von Dritt-Anbietern sowie ihrer Inhalte, nebst Links zu deren Datenschutzerkl\u00e4rungen, welche weitere Hinweise zur Verarbeitung von Daten und, z.T. bereits hier genannt, Widerspruchsm\u00f6glichkeiten (sog. Opt-Out) enthalten:<\/p>\n\n\n\n<p>\u2013 Externe Schriftarten von Google, Inc.,&nbsp;<a href=\"https:\/\/www.google.com\/fonts\">https:\/\/www.google.com\/fonts<\/a>&nbsp;(\u201eGoogle Fonts\u201c). Die Einbindung der Google Fonts erfolgt durch einen Serveraufruf bei Google (in der Regel in den USA). Datenschutzerkl\u00e4rung:&nbsp;<a href=\"https:\/\/www.google.com\/policies\/privacy\/\">https:\/\/www.google.com\/policies\/privacy\/<\/a>, Opt-Out:&nbsp;<a href=\"https:\/\/www.google.com\/settings\/ads\/\">https:\/\/www.google.com\/settings\/ads\/<\/a>.<\/p>\n\n\n\n<p>\u2013 Landkarten des Dienstes \u201eGoogle Maps\u201c des Dritt-Anbieters Google Ireland Ltd., Gordon House, 4 Barrow St,Dublin, D04 E5W5, Irland, gestellt. Datenschutzerkl\u00e4rung:&nbsp;<a href=\"https:\/\/www.google.com\/policies\/privacy\/\">https:\/\/www.google.com\/policies\/privacy\/<\/a>, Opt-Out:&nbsp;<a href=\"https:\/\/www.google.com\/settings\/ads\/\">https:\/\/www.google.com\/settings\/ads\/<\/a>.<\/p>\n\n\n\n<p>\u2013 Videos der Plattform \u201eYouTube\u201c des Dritt-Anbieters Google Ireland Ltd., Gordon House, 4 Barrow St,Dublin, D04 E5W5, Irland. Datenschutzerkl\u00e4rung:&nbsp;<a href=\"https:\/\/www.google.com\/policies\/privacy\/\">https:\/\/www.google.com\/policies\/privacy\/<\/a>, Opt-Out:&nbsp;<a href=\"https:\/\/www.google.com\/settings\/ads\/\">https:\/\/www.google.com\/settings\/ads\/<\/a>.<\/p>\n\n\n\n<div style=\"height:30px\" aria-hidden=\"true\" class=\"wp-block-spacer\"><\/div>\n\n\n\n<h3 class=\"wp-block-heading\" id=\"rechte-der-nutzer-und-loschung-von-daten\">Rechte der Nutzer und L\u00f6schung von Daten<\/h3>\n\n\n\n<p>Nutzer haben das Recht, auf Antrag unentgeltlich Auskunft zu erhalten \u00fcber die personenbezogenen Daten, die von uns \u00fcber sie gespeichert wurden.<br>Zus\u00e4tzlich haben die Nutzer das Recht auf Berichtigung unrichtiger Daten, Widerruf von Einwilligungen, Sperrung und L\u00f6schung ihrer personenbezogenen Daten sowie das Recht, im Fall der Annahme einer unrechtm\u00e4\u00dfigen Datenverarbeitung eine Beschwerde bei der zust\u00e4ndigen Aufsichtsbeh\u00f6rde einzureichen.<\/p>\n\n\n\n<p>Die bei uns gespeicherten Daten werden gel\u00f6scht, sobald sie f\u00fcr ihre Zweckbestimmung nicht mehr erforderlich sind und der L\u00f6schung keine gesetzlichen Aufbewahrungspflichten entgegenstehen.<\/p>\n\n\n\n<div style=\"height:30px\" aria-hidden=\"true\" class=\"wp-block-spacer\"><\/div>\n\n\n\n<h3 class=\"wp-block-heading\" id=\"anderungen-der-datenschutzerklarung\">\u00c4nderungen der Datenschutzerkl\u00e4rung<\/h3>\n\n\n\n<p>Wir behalten uns vor, die Datenschutzerkl\u00e4rung zu \u00e4ndern, um sie an ge\u00e4nderte Rechtslagen, oder bei \u00c4nderungen des Dienstes sowie der Datenverarbeitung anzupassen. Dies gilt jedoch nur im Hinblick auf Erkl\u00e4rungen zur Datenverarbeitung. Sofern Einwilligungen der Nutzer erforderlich sind oder Bestandteile der Datenschutzerkl\u00e4rung Regelungen des Vertragsverh\u00e4ltnisses mit den Nutzern enthalten, erfolgen die \u00c4nderungen nur mit Zustimmung der Nutzer.<br>Die Nutzer werden gebeten sich regelm\u00e4\u00dfig \u00fcber den Inhalt der Datenschutzerkl\u00e4rung zu informieren.<\/p>\n\n\n\n<div style=\"height:30px\" aria-hidden=\"true\" class=\"wp-block-spacer\"><\/div>\n\n\n\n<h3 class=\"wp-block-heading\" id=\"anderungen-der-datenschutzerklarung\">Hinweis: Dokumentation bei Veranstaltungen<\/h3>\n\n\n\n<p>Wir weisen daruf hin, dass bei Veranstaltungen (z.B. Vollmondnacht) am Veranstaltungsort Fotos und\/oder Videos zu Zwecken der Dokumentation angefertigt werden. Diese Fotos k\u00f6nnen in weiterer Folge in Zeitungen, auf unserer Hompage oder auf Social Media ver\u00f6ffentlicht werden. Sollten Sie damit nicht einverstanden sein, informieren Sie bitte direkt unsere Fotografen oder unsere MitarbeiterInnen mit Burg-Kleidung. Sie k\u00f6nnen uns auch gerne nachtr\u00e4glich per\u00a0<a href=\"tel:031538213\">Telefon<\/a>\u00a0oder\u00a0<a href=\"mailto:webredirect@dieriegersburg.at\">email<\/a>\u00a0kontaktieren und wir entfernen umgehend die entsprechenden Aufnahmen.<\/p>\n\n\n\n<div style=\"height:30px\" aria-hidden=\"true\" class=\"wp-block-spacer\"><\/div>","protected":false},"excerpt":{"rendered":"<p>DATENSCHUTZERKL\u00c4RUNG Anbieter des Onlineangebotes und die datenschutzrechtlich verantwortliche Stelle ist&nbsp;Burg Riegersburg Betriebs GmbH, Riegersburg 21, 8333 Riegersburg (nachfolgend bezeichnet als \u201eAnbieterIn\u201c, \u201ewir\u201c oder \u201euns\u201c). Diese Datenschutzerkl\u00e4rung kl\u00e4rt \u00fcber die Art, den Umfang und Zweck der Verarbeitung (u.a. Erhebung, Verarbeitung und Nutzung sowie Einholung von Einwilligungen)&#8230;<\/p>","protected":false},"author":6,"featured_media":0,"parent":0,"menu_order":0,"comment_status":"closed","ping_status":"open","template":"","meta":{"inline_featured_image":false,"footnotes":""},"class_list":["post-3","page","type-page","status-publish","hentry"],"yoast_head":"<!-- This site is optimized with the Yoast SEO plugin v27.3 - https:\/\/yoast.com\/product\/yoast-seo-wordpress\/ -->\n<title>Datenschutzerkl\u00e4rung - Burg Riegersburg<\/title>\n<meta name=\"description\" content=\"Die Datenschutzerkl\u00e4rung der Burg Riegersburg kl\u00e4rt \u00fcber die Art, den Umfang und Zweck der Verarbeitung auf.\" \/>\n<meta name=\"robots\" content=\"noindex, nofollow\" \/>\n<meta property=\"og:locale\" content=\"en_GB\" \/>\n<meta property=\"og:type\" content=\"article\" \/>\n<meta property=\"og:title\" content=\"Datenschutzerkl\u00e4rung - Burg Riegersburg\" \/>\n<meta property=\"og:description\" content=\"Die Datenschutzerkl\u00e4rung der Burg Riegersburg kl\u00e4rt \u00fcber die Art, den Umfang und Zweck der Verarbeitung auf.\" \/>\n<meta property=\"og:url\" content=\"https:\/\/www.dieriegersburg.at\/en\/datenschutzerklaerung\/\" \/>\n<meta property=\"og:site_name\" content=\"Burg Riegersburg\" \/>\n<meta property=\"article:publisher\" content=\"https:\/\/www.facebook.com\/dieriegersburg\" \/>\n<meta property=\"article:modified_time\" content=\"2023-07-26T14:27:10+00:00\" \/>\n<meta name=\"twitter:card\" content=\"summary_large_image\" \/>\n<meta name=\"twitter:label1\" content=\"Estimated reading time\" \/>\n\t<meta name=\"twitter:data1\" content=\"8 minutes\" \/>\n<script type=\"application\/ld+json\" class=\"yoast-schema-graph\">{\"@context\":\"https:\\\/\\\/schema.org\",\"@graph\":[{\"@type\":\"WebPage\",\"@id\":\"https:\\\/\\\/www.dieriegersburg.at\\\/datenschutzerklaerung\\\/\",\"url\":\"https:\\\/\\\/www.dieriegersburg.at\\\/datenschutzerklaerung\\\/\",\"name\":\"Datenschutzerkl\u00e4rung - Burg Riegersburg\",\"isPartOf\":{\"@id\":\"https:\\\/\\\/www.dieriegersburg.at\\\/#website\"},\"datePublished\":\"2022-01-17T09:01:34+00:00\",\"dateModified\":\"2023-07-26T14:27:10+00:00\",\"description\":\"Die Datenschutzerkl\u00e4rung der Burg Riegersburg kl\u00e4rt \u00fcber die Art, den Umfang und Zweck der Verarbeitung auf.\",\"breadcrumb\":{\"@id\":\"https:\\\/\\\/www.dieriegersburg.at\\\/datenschutzerklaerung\\\/#breadcrumb\"},\"inLanguage\":\"en-GB\",\"potentialAction\":[{\"@type\":\"ReadAction\",\"target\":[\"https:\\\/\\\/www.dieriegersburg.at\\\/datenschutzerklaerung\\\/\"]}]},{\"@type\":\"BreadcrumbList\",\"@id\":\"https:\\\/\\\/www.dieriegersburg.at\\\/datenschutzerklaerung\\\/#breadcrumb\",\"itemListElement\":[{\"@type\":\"ListItem\",\"position\":1,\"name\":\"Startseite\",\"item\":\"https:\\\/\\\/www.dieriegersburg.at\\\/\"},{\"@type\":\"ListItem\",\"position\":2,\"name\":\"Datenschutzerkl\u00e4rung\"}]},{\"@type\":\"WebSite\",\"@id\":\"https:\\\/\\\/www.dieriegersburg.at\\\/#website\",\"url\":\"https:\\\/\\\/www.dieriegersburg.at\\\/\",\"name\":\"Burg Riegersburg\",\"description\":\"Die Burg Riegersburg erleben\",\"publisher\":{\"@id\":\"https:\\\/\\\/www.dieriegersburg.at\\\/#organization\"},\"potentialAction\":[{\"@type\":\"SearchAction\",\"target\":{\"@type\":\"EntryPoint\",\"urlTemplate\":\"https:\\\/\\\/www.dieriegersburg.at\\\/?s={search_term_string}\"},\"query-input\":{\"@type\":\"PropertyValueSpecification\",\"valueRequired\":true,\"valueName\":\"search_term_string\"}}],\"inLanguage\":\"en-GB\"},{\"@type\":\"Organization\",\"@id\":\"https:\\\/\\\/www.dieriegersburg.at\\\/#organization\",\"name\":\"Die Riegersburg\",\"url\":\"https:\\\/\\\/www.dieriegersburg.at\\\/\",\"logo\":{\"@type\":\"ImageObject\",\"inLanguage\":\"en-GB\",\"@id\":\"https:\\\/\\\/www.dieriegersburg.at\\\/#\\\/schema\\\/logo\\\/image\\\/\",\"url\":\"https:\\\/\\\/www.dieriegersburg.at\\\/wp-content\\\/uploads\\\/2022\\\/01\\\/Riegersburg_Logo_2022_rgb.png\",\"contentUrl\":\"https:\\\/\\\/www.dieriegersburg.at\\\/wp-content\\\/uploads\\\/2022\\\/01\\\/Riegersburg_Logo_2022_rgb.png\",\"width\":2303,\"height\":1299,\"caption\":\"Die Riegersburg\"},\"image\":{\"@id\":\"https:\\\/\\\/www.dieriegersburg.at\\\/#\\\/schema\\\/logo\\\/image\\\/\"},\"sameAs\":[\"https:\\\/\\\/www.facebook.com\\\/dieriegersburg\",\"https:\\\/\\\/www.instagram.com\\\/dieriegersburg\\\/\",\"https:\\\/\\\/www.youtube.com\\\/channel\\\/UC52iKTzM4gwcyU1dgTElFrw\"]}]}<\/script>\n<!-- \/ Yoast SEO plugin. -->","yoast_head_json":{"title":"Datenschutzerkl\u00e4rung - Burg Riegersburg","description":"Die Datenschutzerkl\u00e4rung der Burg Riegersburg kl\u00e4rt \u00fcber die Art, den Umfang und Zweck der Verarbeitung auf.","robots":{"index":"noindex","follow":"nofollow"},"og_locale":"en_GB","og_type":"article","og_title":"Datenschutzerkl\u00e4rung - Burg Riegersburg","og_description":"Die Datenschutzerkl\u00e4rung der Burg Riegersburg kl\u00e4rt \u00fcber die Art, den Umfang und Zweck der Verarbeitung auf.","og_url":"https:\/\/www.dieriegersburg.at\/en\/datenschutzerklaerung\/","og_site_name":"Burg Riegersburg","article_publisher":"https:\/\/www.facebook.com\/dieriegersburg","article_modified_time":"2023-07-26T14:27:10+00:00","twitter_card":"summary_large_image","twitter_misc":{"Estimated reading time":"8 minutes"},"schema":{"@context":"https:\/\/schema.org","@graph":[{"@type":"WebPage","@id":"https:\/\/www.dieriegersburg.at\/datenschutzerklaerung\/","url":"https:\/\/www.dieriegersburg.at\/datenschutzerklaerung\/","name":"Datenschutzerkl\u00e4rung - Burg Riegersburg","isPartOf":{"@id":"https:\/\/www.dieriegersburg.at\/#website"},"datePublished":"2022-01-17T09:01:34+00:00","dateModified":"2023-07-26T14:27:10+00:00","description":"Die Datenschutzerkl\u00e4rung der Burg Riegersburg kl\u00e4rt \u00fcber die Art, den Umfang und Zweck der Verarbeitung auf.","breadcrumb":{"@id":"https:\/\/www.dieriegersburg.at\/datenschutzerklaerung\/#breadcrumb"},"inLanguage":"en-GB","potentialAction":[{"@type":"ReadAction","target":["https:\/\/www.dieriegersburg.at\/datenschutzerklaerung\/"]}]},{"@type":"BreadcrumbList","@id":"https:\/\/www.dieriegersburg.at\/datenschutzerklaerung\/#breadcrumb","itemListElement":[{"@type":"ListItem","position":1,"name":"Startseite","item":"https:\/\/www.dieriegersburg.at\/"},{"@type":"ListItem","position":2,"name":"Datenschutzerkl\u00e4rung"}]},{"@type":"WebSite","@id":"https:\/\/www.dieriegersburg.at\/#website","url":"https:\/\/www.dieriegersburg.at\/","name":"Burg Riegersburg","description":"Die Burg Riegersburg erleben","publisher":{"@id":"https:\/\/www.dieriegersburg.at\/#organization"},"potentialAction":[{"@type":"SearchAction","target":{"@type":"EntryPoint","urlTemplate":"https:\/\/www.dieriegersburg.at\/?s={search_term_string}"},"query-input":{"@type":"PropertyValueSpecification","valueRequired":true,"valueName":"search_term_string"}}],"inLanguage":"en-GB"},{"@type":"Organization","@id":"https:\/\/www.dieriegersburg.at\/#organization","name":"Riegersburg Castle","url":"https:\/\/www.dieriegersburg.at\/","logo":{"@type":"ImageObject","inLanguage":"en-GB","@id":"https:\/\/www.dieriegersburg.at\/#\/schema\/logo\/image\/","url":"https:\/\/www.dieriegersburg.at\/wp-content\/uploads\/2022\/01\/Riegersburg_Logo_2022_rgb.png","contentUrl":"https:\/\/www.dieriegersburg.at\/wp-content\/uploads\/2022\/01\/Riegersburg_Logo_2022_rgb.png","width":2303,"height":1299,"caption":"Die Riegersburg"},"image":{"@id":"https:\/\/www.dieriegersburg.at\/#\/schema\/logo\/image\/"},"sameAs":["https:\/\/www.facebook.com\/dieriegersburg","https:\/\/www.instagram.com\/dieriegersburg\/","https:\/\/www.youtube.com\/channel\/UC52iKTzM4gwcyU1dgTElFrw"]}]}},"_links":{"self":[{"href":"https:\/\/www.dieriegersburg.at\/en\/wp-json\/wp\/v2\/pages\/3","targetHints":{"allow":["GET"]}}],"collection":[{"href":"https:\/\/www.dieriegersburg.at\/en\/wp-json\/wp\/v2\/pages"}],"about":[{"href":"https:\/\/www.dieriegersburg.at\/en\/wp-json\/wp\/v2\/types\/page"}],"author":[{"embeddable":true,"href":"https:\/\/www.dieriegersburg.at\/en\/wp-json\/wp\/v2\/users\/6"}],"replies":[{"embeddable":true,"href":"https:\/\/www.dieriegersburg.at\/en\/wp-json\/wp\/v2\/comments?post=3"}],"version-history":[{"count":9,"href":"https:\/\/www.dieriegersburg.at\/en\/wp-json\/wp\/v2\/pages\/3\/revisions"}],"predecessor-version":[{"id":7234,"href":"https:\/\/www.dieriegersburg.at\/en\/wp-json\/wp\/v2\/pages\/3\/revisions\/7234"}],"wp:attachment":[{"href":"https:\/\/www.dieriegersburg.at\/en\/wp-json\/wp\/v2\/media?parent=3"}],"curies":[{"name":"wp","href":"https:\/\/api.w.org\/{rel}","templated":true}]}}