{"id":5158,"date":"2022-07-14T11:32:12","date_gmt":"2022-07-14T09:32:12","guid":{"rendered":"https:\/\/www.dieriegersburg.at\/?page_id=5158"},"modified":"2026-04-03T09:51:39","modified_gmt":"2026-04-03T07:51:39","slug":"jobs","status":"publish","type":"page","link":"https:\/\/www.dieriegersburg.at\/en\/jobs\/","title":{"rendered":"Jobs"},"content":{"rendered":"<div data-elementor-type=\"wp-page\" data-elementor-id=\"5158\" class=\"elementor elementor-5158\" data-elementor-post-type=\"page\">\n\t\t\t\t\t\t<section class=\"elementor-section elementor-top-section elementor-element elementor-element-c9317df elementor-section-full_width elementor-section-height-default elementor-section-height-default parallax_section_no qode_elementor_container_no\" data-id=\"c9317df\" data-element_type=\"section\" data-e-type=\"section\" data-settings=\"{&quot;background_background&quot;:&quot;gradient&quot;}\">\n\t\t\t\t\t\t<div class=\"elementor-container elementor-column-gap-default\">\n\t\t\t\t\t<div class=\"elementor-column elementor-col-100 elementor-top-column elementor-element elementor-element-922a8bf\" data-id=\"922a8bf\" data-element_type=\"column\" data-e-type=\"column\" data-settings=\"{&quot;background_background&quot;:&quot;classic&quot;}\">\n\t\t\t<div class=\"elementor-widget-wrap elementor-element-populated\">\n\t\t\t\t\t\t<div class=\"elementor-element elementor-element-db66c90 elementor-widget elementor-widget-spacer\" data-id=\"db66c90\" data-element_type=\"widget\" data-e-type=\"widget\" data-widget_type=\"spacer.default\">\n\t\t\t\t<div class=\"elementor-widget-container\">\n\t\t\t\t\t\t\t<div class=\"elementor-spacer\">\n\t\t\t<div class=\"elementor-spacer-inner\"><\/div>\n\t\t<\/div>\n\t\t\t\t\t\t<\/div>\n\t\t\t\t<\/div>\n\t\t\t\t\t<\/div>\n\t\t<\/div>\n\t\t\t\t\t<\/div>\n\t\t<\/section>\n\t\t\t\t<section class=\"elementor-section elementor-top-section elementor-element elementor-element-b14d564 elementor-section-boxed elementor-section-height-default elementor-section-height-default parallax_section_no qode_elementor_container_no\" data-id=\"b14d564\" data-element_type=\"section\" data-e-type=\"section\" data-settings=\"{&quot;background_background&quot;:&quot;classic&quot;}\">\n\t\t\t\t\t\t\t<div class=\"elementor-background-overlay\"><\/div>\n\t\t\t\t\t\t\t<div class=\"elementor-container elementor-column-gap-default\">\n\t\t\t\t\t<div class=\"elementor-column elementor-col-100 elementor-top-column elementor-element elementor-element-9f2bd81\" data-id=\"9f2bd81\" data-element_type=\"column\" data-e-type=\"column\">\n\t\t\t<div class=\"elementor-widget-wrap elementor-element-populated\">\n\t\t\t\t\t\t<div class=\"elementor-element elementor-element-ad7d9f7 elementor-invisible elementor-widget elementor-widget-heading\" data-id=\"ad7d9f7\" data-element_type=\"widget\" data-e-type=\"widget\" data-settings=\"{&quot;_animation&quot;:&quot;fadeInLeft&quot;}\" data-widget_type=\"heading.default\">\n\t\t\t\t<div class=\"elementor-widget-container\">\n\t\t\t\t\t<h1 class=\"elementor-heading-title elementor-size-default\">We want you<\/h1>\t\t\t\t<\/div>\n\t\t\t\t<\/div>\n\t\t\t\t\t<\/div>\n\t\t<\/div>\n\t\t\t\t\t<\/div>\n\t\t<\/section>\n\t\t\t\t<section class=\"elementor-section elementor-top-section elementor-element elementor-element-85cc5c4 elementor-hidden-desktop elementor-hidden-tablet elementor-hidden-mobile elementor-section-boxed elementor-section-height-default elementor-section-height-default parallax_section_no qode_elementor_container_no\" data-id=\"85cc5c4\" data-element_type=\"section\" data-e-type=\"section\" data-settings=\"{&quot;background_background&quot;:&quot;classic&quot;}\">\n\t\t\t\t\t\t<div class=\"elementor-container elementor-column-gap-default\">\n\t\t\t\t\t<div class=\"elementor-column elementor-col-100 elementor-top-column elementor-element elementor-element-deb1ecc\" data-id=\"deb1ecc\" data-element_type=\"column\" data-e-type=\"column\" data-settings=\"{&quot;background_background&quot;:&quot;classic&quot;}\">\n\t\t\t<div class=\"elementor-widget-wrap elementor-element-populated\">\n\t\t\t\t\t\t<div class=\"elementor-element elementor-element-525d77f elementor-widget elementor-widget-text-editor\" data-id=\"525d77f\" data-element_type=\"widget\" data-e-type=\"widget\" data-widget_type=\"text-editor.default\">\n\t\t\t\t<div class=\"elementor-widget-container\">\n\t\t\t\t\t\t\t\t\t<div data-id=\"37bc7b1\" data-element_type=\"widget\" data-widget_type=\"heading.default\"><h5>Currently no jobs available.<\/h5><\/div>\t\t\t\t\t\t\t\t<\/div>\n\t\t\t\t<\/div>\n\t\t\t\t\t<\/div>\n\t\t<\/div>\n\t\t\t\t\t<\/div>\n\t\t<\/section>\n\t\t\t\t<section class=\"elementor-section elementor-top-section elementor-element elementor-element-84b35f6 elementor-hidden-desktop elementor-hidden-tablet elementor-hidden-mobile elementor-section-boxed elementor-section-height-default elementor-section-height-default parallax_section_no qode_elementor_container_no\" data-id=\"84b35f6\" data-element_type=\"section\" data-e-type=\"section\" data-settings=\"{&quot;background_background&quot;:&quot;classic&quot;}\">\n\t\t\t\t\t\t<div class=\"elementor-container elementor-column-gap-default\">\n\t\t\t\t\t<div class=\"elementor-column elementor-col-50 elementor-top-column elementor-element elementor-element-11eaabda\" data-id=\"11eaabda\" data-element_type=\"column\" data-e-type=\"column\" data-settings=\"{&quot;background_background&quot;:&quot;classic&quot;}\">\n\t\t\t<div class=\"elementor-widget-wrap elementor-element-populated\">\n\t\t\t\t\t\t<div class=\"elementor-element elementor-element-3b3313b6 elementor-widget elementor-widget-text-editor\" data-id=\"3b3313b6\" data-element_type=\"widget\" data-e-type=\"widget\" data-widget_type=\"text-editor.default\">\n\t\t\t\t<div class=\"elementor-widget-container\">\n\t\t\t\t\t\t\t\t\t<div data-id=\"37bc7b1\" data-element_type=\"widget\" data-widget_type=\"heading.default\"><h2>Mitarbeiter:in Eintrittskassa + Burgkassa\u00a0 (m\/w\/d)<\/h2><\/div><div data-id=\"bffa319\" data-element_type=\"widget\" data-widget_type=\"text-editor.default\"><p>\u00a0<\/p><p><span style=\"text-decoration: underline;\"><strong>Ihre Aufgaben<\/strong><\/span><\/p><ul><li>Eintrittskassa<\/li><li>Souvenirshop<\/li><li>Reinigungsarbeiten<\/li><\/ul><p>\u00a0<\/p><p><span style=\"text-decoration: underline;\"><strong>Sie sind<\/strong><\/span><\/p><ul><li>reliable<\/li><li>independent<\/li><li>motiviert<\/li><li>freundlich<\/li><\/ul><p>\u00a0<\/p><p><span style=\"text-decoration: underline;\"><strong>Wir bieten<\/strong><\/span><\/p><ul><li>Working hours: 30-40 hours\/week<\/li><li>kein Abenddienst<\/li><li>Saisonbetrieb<\/li><li>Bruttomonatsgehalt: \u20ac 2.159,-<br \/><em>\u00a0 \u00a0 \u00a0 (Basis Vollzeitbesch\u00e4ftigung laut Kollektiv)<\/em><\/li><li>\u00dcberzahlung m\u00f6glich!<\/li><\/ul><p>\u00a0<\/p><p><span style=\"text-decoration: underline;\"><strong>You application:<\/strong><\/span><br \/>E-Mail: <a href=\"mailto:office@dieriegersburg.at\">office@dieriegersburg.at<\/a> oder<br \/>Mobil: <a href=\"tel:+436764380747\">0676 \/ 43 80 747<\/a><br \/>Dienstgeber: Burg Riegersburg Betriebs GmbH<\/p><\/div>\t\t\t\t\t\t\t\t<\/div>\n\t\t\t\t<\/div>\n\t\t\t\t\t<\/div>\n\t\t<\/div>\n\t\t\t\t<div class=\"elementor-column elementor-col-50 elementor-top-column elementor-element elementor-element-53bafb61\" data-id=\"53bafb61\" data-element_type=\"column\" data-e-type=\"column\">\n\t\t\t<div class=\"elementor-widget-wrap elementor-element-populated\">\n\t\t\t\t\t\t<div class=\"elementor-element elementor-element-43989356 elementor-invisible elementor-widget elementor-widget-image\" data-id=\"43989356\" data-element_type=\"widget\" data-e-type=\"widget\" data-settings=\"{&quot;_animation&quot;:&quot;fadeInRight&quot;}\" data-widget_type=\"image.default\">\n\t\t\t\t<div class=\"elementor-widget-container\">\n\t\t\t\t\t\t\t\t\t\t\t\t\t\t\t<img fetchpriority=\"high\" decoding=\"async\" width=\"1024\" height=\"682\" src=\"https:\/\/www.dieriegersburg.at\/wp-content\/uploads\/2024\/08\/Burg_Riegersburg_Westseite_Foto_Ferder-1024x682.jpg\" class=\"attachment-large size-large wp-image-9210\" alt=\"Die Burg Riegersburg\" srcset=\"https:\/\/www.dieriegersburg.at\/wp-content\/uploads\/2024\/08\/Burg_Riegersburg_Westseite_Foto_Ferder-1024x682.jpg 1024w, https:\/\/www.dieriegersburg.at\/wp-content\/uploads\/2024\/08\/Burg_Riegersburg_Westseite_Foto_Ferder-300x200.jpg 300w, https:\/\/www.dieriegersburg.at\/wp-content\/uploads\/2024\/08\/Burg_Riegersburg_Westseite_Foto_Ferder-768x512.jpg 768w, https:\/\/www.dieriegersburg.at\/wp-content\/uploads\/2024\/08\/Burg_Riegersburg_Westseite_Foto_Ferder-1536x1023.jpg 1536w, https:\/\/www.dieriegersburg.at\/wp-content\/uploads\/2024\/08\/Burg_Riegersburg_Westseite_Foto_Ferder-2048x1364.jpg 2048w, https:\/\/www.dieriegersburg.at\/wp-content\/uploads\/2024\/08\/Burg_Riegersburg_Westseite_Foto_Ferder-18x12.jpg 18w, https:\/\/www.dieriegersburg.at\/wp-content\/uploads\/2024\/08\/Burg_Riegersburg_Westseite_Foto_Ferder-700x466.jpg 700w, https:\/\/www.dieriegersburg.at\/wp-content\/uploads\/2024\/08\/Burg_Riegersburg_Westseite_Foto_Ferder-1320x879.jpg 1320w\" sizes=\"(max-width: 1024px) 100vw, 1024px\" \/>\t\t\t\t\t\t\t\t\t\t\t\t\t\t\t<\/div>\n\t\t\t\t<\/div>\n\t\t\t\t\t<\/div>\n\t\t<\/div>\n\t\t\t\t\t<\/div>\n\t\t<\/section>\n\t\t\t\t<section class=\"elementor-section elementor-top-section elementor-element elementor-element-5f8eeffd elementor-section-boxed elementor-section-height-default elementor-section-height-default parallax_section_no qode_elementor_container_no\" data-id=\"5f8eeffd\" data-element_type=\"section\" data-e-type=\"section\" data-settings=\"{&quot;background_background&quot;:&quot;classic&quot;}\">\n\t\t\t\t\t\t<div class=\"elementor-container elementor-column-gap-default\">\n\t\t\t\t\t<div class=\"elementor-column elementor-col-50 elementor-top-column elementor-element elementor-element-66c01815\" data-id=\"66c01815\" data-element_type=\"column\" data-e-type=\"column\" data-settings=\"{&quot;background_background&quot;:&quot;classic&quot;}\">\n\t\t\t<div class=\"elementor-widget-wrap elementor-element-populated\">\n\t\t\t\t\t\t<div class=\"elementor-element elementor-element-7904dad6 elementor-widget elementor-widget-text-editor\" data-id=\"7904dad6\" data-element_type=\"widget\" data-e-type=\"widget\" data-widget_type=\"text-editor.default\">\n\t\t\t\t<div class=\"elementor-widget-container\">\n\t\t\t\t\t\t\t\t\t<div data-id=\"37bc7b1\" data-element_type=\"widget\" data-widget_type=\"heading.default\"><h2>Museumsf\u00fchrer:in\u00a0<\/h2><p>(m\/w\/d)<\/p><\/div><div data-id=\"bffa319\" data-element_type=\"widget\" data-widget_type=\"text-editor.default\"><p><span style=\"text-decoration: underline;\"><strong><br \/>Ihre Aufgaben<\/strong><\/span><\/p><ul><li>Guided tours of the castle and witch museum<\/li><li>Children's tours<br \/><br \/><\/li><\/ul><p><span style=\"text-decoration: underline;\"><strong>Sie haben<\/strong><\/span><\/p><ul><li>sehr gute geschichtliche Kenntnisse<\/li><li>Freude im Umgang mit unseren Besucher:innen<\/li><\/ul><p><span style=\"text-decoration: underline;\"><strong><br \/>Wir bieten<\/strong><\/span><\/p><ul><li>Arbeitszeit: Teilzeit\/geringf\u00fcgige Besch\u00e4ftigung<\/li><li>Work hours by arrangement<\/li><li>Bruttomonatsgehalt: \u20ac 2.159,-<br \/><em>\u00a0 \u00a0 \u00a0 (Basis Vollzeitbesch\u00e4ftigung laut Kollektiv)<\/em><\/li><li>\u00dcberzahlung m\u00f6glich!<\/li><\/ul><p><span style=\"text-decoration: underline;\"><strong><br \/>You application:<\/strong><\/span><br \/>E-Mail: <a href=\"mailto:office@dieriegersburg.at\">office@dieriegersburg.at<\/a> oder <br \/>Telefon: <a href=\"tel:+43315382135\">03153\/8213-5<\/a> (mornings)<br \/>Dienstgeber: Burg Riegersburg Betriebs GmbH<\/p><\/div>\t\t\t\t\t\t\t\t<\/div>\n\t\t\t\t<\/div>\n\t\t\t\t\t<\/div>\n\t\t<\/div>\n\t\t\t\t<div class=\"elementor-column elementor-col-50 elementor-top-column elementor-element elementor-element-18055a69\" data-id=\"18055a69\" data-element_type=\"column\" data-e-type=\"column\">\n\t\t\t<div class=\"elementor-widget-wrap elementor-element-populated\">\n\t\t\t\t\t\t<div class=\"elementor-element elementor-element-249f1126 elementor-invisible elementor-widget elementor-widget-image\" data-id=\"249f1126\" data-element_type=\"widget\" data-e-type=\"widget\" data-settings=\"{&quot;_animation&quot;:&quot;fadeInRight&quot;}\" data-widget_type=\"image.default\">\n\t\t\t\t<div class=\"elementor-widget-container\">\n\t\t\t\t\t\t\t\t\t\t\t\t\t\t\t<img decoding=\"async\" width=\"1024\" height=\"683\" src=\"https:\/\/www.dieriegersburg.at\/wp-content\/uploads\/2026\/03\/Burgfuehrer_gesucht-1024x683.jpg\" class=\"attachment-large size-large wp-image-11919\" alt=\"Museumsf\u00fchrer:in gesucht auf der Riegersburg\" srcset=\"https:\/\/www.dieriegersburg.at\/wp-content\/uploads\/2026\/03\/Burgfuehrer_gesucht-1024x683.jpg 1024w, https:\/\/www.dieriegersburg.at\/wp-content\/uploads\/2026\/03\/Burgfuehrer_gesucht-300x200.jpg 300w, https:\/\/www.dieriegersburg.at\/wp-content\/uploads\/2026\/03\/Burgfuehrer_gesucht-768x512.jpg 768w, https:\/\/www.dieriegersburg.at\/wp-content\/uploads\/2026\/03\/Burgfuehrer_gesucht-1536x1024.jpg 1536w, https:\/\/www.dieriegersburg.at\/wp-content\/uploads\/2026\/03\/Burgfuehrer_gesucht-18x12.jpg 18w, https:\/\/www.dieriegersburg.at\/wp-content\/uploads\/2026\/03\/Burgfuehrer_gesucht-700x467.jpg 700w, https:\/\/www.dieriegersburg.at\/wp-content\/uploads\/2026\/03\/Burgfuehrer_gesucht.jpg 1920w\" sizes=\"(max-width: 1024px) 100vw, 1024px\" \/>\t\t\t\t\t\t\t\t\t\t\t\t\t\t\t<\/div>\n\t\t\t\t<\/div>\n\t\t\t\t\t<\/div>\n\t\t<\/div>\n\t\t\t\t\t<\/div>\n\t\t<\/section>\n\t\t\t\t<\/div>","protected":false},"excerpt":{"rendered":"<p>WIR SUCHEN Derzeit keine Jobs verf\u00fcgbar. Mitarbeiter:in Eintrittskassa + Burgkassa\u00a0 (m\/w\/d) \u00a0 Ihre Aufgaben Eintrittskassa Souvenirshop Reinigungsarbeiten \u00a0 Sie sind zuverl\u00e4ssig selbstst\u00e4ndig motiviert freundlich \u00a0 Wir bieten Arbeitszeit: 30-40 Std\/Woche kein Abenddienst Saisonbetrieb Bruttomonatsgehalt: \u20ac 2.159,-\u00a0 \u00a0 \u00a0 (Basis Vollzeitbesch\u00e4ftigung laut Kollektiv) \u00dcberzahlung m\u00f6glich! \u00a0&#8230;<\/p>","protected":false},"author":6,"featured_media":0,"parent":0,"menu_order":0,"comment_status":"closed","ping_status":"open","template":"full_width.php","meta":{"inline_featured_image":false,"footnotes":""},"class_list":["post-5158","page","type-page","status-publish","hentry"],"yoast_head":"<!-- This site is optimized with the Yoast SEO plugin v27.6 - https:\/\/yoast.com\/product\/yoast-seo-wordpress\/ -->\n<title>Jobs - Burg Riegersburg<\/title>\n<meta name=\"description\" content=\"Wir suchen Sie! Auf der Riegersburg gibt es immer etwas zu tun. Finden Sie hier offene Stellen und unters\u00fctzen Sie schon bald unser Team!\" \/>\n<meta name=\"robots\" content=\"index, follow, max-snippet:-1, max-image-preview:large, max-video-preview:-1\" \/>\n<link rel=\"canonical\" href=\"https:\/\/www.dieriegersburg.at\/en\/jobs\/\" \/>\n<meta property=\"og:locale\" content=\"en_GB\" \/>\n<meta property=\"og:type\" content=\"article\" \/>\n<meta property=\"og:title\" content=\"Jobs - Burg Riegersburg\" \/>\n<meta property=\"og:description\" content=\"Wir suchen Sie! Auf der Riegersburg gibt es immer etwas zu tun. Finden Sie hier offene Stellen und unters\u00fctzen Sie schon bald unser Team!\" \/>\n<meta property=\"og:url\" content=\"https:\/\/www.dieriegersburg.at\/en\/jobs\/\" \/>\n<meta property=\"og:site_name\" content=\"Burg Riegersburg\" \/>\n<meta property=\"article:publisher\" content=\"https:\/\/www.facebook.com\/dieriegersburg\" \/>\n<meta property=\"article:modified_time\" content=\"2026-04-03T07:51:39+00:00\" \/>\n<meta property=\"og:image\" content=\"https:\/\/www.dieriegersburg.at\/wp-content\/uploads\/2024\/08\/Burg_Riegersburg_Westseite_Foto_Ferder.jpg\" \/>\n\t<meta property=\"og:image:width\" content=\"2400\" \/>\n\t<meta property=\"og:image:height\" content=\"1599\" \/>\n\t<meta property=\"og:image:type\" content=\"image\/jpeg\" \/>\n<meta name=\"twitter:card\" content=\"summary_large_image\" \/>\n<meta name=\"twitter:label1\" content=\"Estimated reading time\" \/>\n\t<meta name=\"twitter:data1\" content=\"1 minute\" \/>\n<script type=\"application\/ld+json\" class=\"yoast-schema-graph\">{\"@context\":\"https:\\\/\\\/schema.org\",\"@graph\":[{\"@type\":\"WebPage\",\"@id\":\"https:\\\/\\\/www.dieriegersburg.at\\\/jobs\\\/\",\"url\":\"https:\\\/\\\/www.dieriegersburg.at\\\/jobs\\\/\",\"name\":\"Jobs - Burg Riegersburg\",\"isPartOf\":{\"@id\":\"https:\\\/\\\/www.dieriegersburg.at\\\/#website\"},\"primaryImageOfPage\":{\"@id\":\"https:\\\/\\\/www.dieriegersburg.at\\\/jobs\\\/#primaryimage\"},\"image\":{\"@id\":\"https:\\\/\\\/www.dieriegersburg.at\\\/jobs\\\/#primaryimage\"},\"thumbnailUrl\":\"https:\\\/\\\/www.dieriegersburg.at\\\/wp-content\\\/uploads\\\/2024\\\/08\\\/Burg_Riegersburg_Westseite_Foto_Ferder-1024x682.jpg\",\"datePublished\":\"2022-07-14T09:32:12+00:00\",\"dateModified\":\"2026-04-03T07:51:39+00:00\",\"description\":\"Wir suchen Sie! Auf der Riegersburg gibt es immer etwas zu tun. Finden Sie hier offene Stellen und unters\u00fctzen Sie schon bald unser Team!\",\"breadcrumb\":{\"@id\":\"https:\\\/\\\/www.dieriegersburg.at\\\/jobs\\\/#breadcrumb\"},\"inLanguage\":\"en-GB\",\"potentialAction\":[{\"@type\":\"ReadAction\",\"target\":[\"https:\\\/\\\/www.dieriegersburg.at\\\/jobs\\\/\"]}]},{\"@type\":\"ImageObject\",\"inLanguage\":\"en-GB\",\"@id\":\"https:\\\/\\\/www.dieriegersburg.at\\\/jobs\\\/#primaryimage\",\"url\":\"https:\\\/\\\/www.dieriegersburg.at\\\/wp-content\\\/uploads\\\/2024\\\/08\\\/Burg_Riegersburg_Westseite_Foto_Ferder-1024x682.jpg\",\"contentUrl\":\"https:\\\/\\\/www.dieriegersburg.at\\\/wp-content\\\/uploads\\\/2024\\\/08\\\/Burg_Riegersburg_Westseite_Foto_Ferder-1024x682.jpg\"},{\"@type\":\"BreadcrumbList\",\"@id\":\"https:\\\/\\\/www.dieriegersburg.at\\\/jobs\\\/#breadcrumb\",\"itemListElement\":[{\"@type\":\"ListItem\",\"position\":1,\"name\":\"Startseite\",\"item\":\"https:\\\/\\\/www.dieriegersburg.at\\\/\"},{\"@type\":\"ListItem\",\"position\":2,\"name\":\"Jobs\"}]},{\"@type\":\"WebSite\",\"@id\":\"https:\\\/\\\/www.dieriegersburg.at\\\/#website\",\"url\":\"https:\\\/\\\/www.dieriegersburg.at\\\/\",\"name\":\"Burg Riegersburg\",\"description\":\"Die Burg Riegersburg erleben\",\"publisher\":{\"@id\":\"https:\\\/\\\/www.dieriegersburg.at\\\/#organization\"},\"potentialAction\":[{\"@type\":\"SearchAction\",\"target\":{\"@type\":\"EntryPoint\",\"urlTemplate\":\"https:\\\/\\\/www.dieriegersburg.at\\\/?s={search_term_string}\"},\"query-input\":{\"@type\":\"PropertyValueSpecification\",\"valueRequired\":true,\"valueName\":\"search_term_string\"}}],\"inLanguage\":\"en-GB\"},{\"@type\":\"Organization\",\"@id\":\"https:\\\/\\\/www.dieriegersburg.at\\\/#organization\",\"name\":\"Die Riegersburg\",\"url\":\"https:\\\/\\\/www.dieriegersburg.at\\\/\",\"logo\":{\"@type\":\"ImageObject\",\"inLanguage\":\"en-GB\",\"@id\":\"https:\\\/\\\/www.dieriegersburg.at\\\/#\\\/schema\\\/logo\\\/image\\\/\",\"url\":\"https:\\\/\\\/www.dieriegersburg.at\\\/wp-content\\\/uploads\\\/2022\\\/01\\\/Riegersburg_Logo_2022_rgb.png\",\"contentUrl\":\"https:\\\/\\\/www.dieriegersburg.at\\\/wp-content\\\/uploads\\\/2022\\\/01\\\/Riegersburg_Logo_2022_rgb.png\",\"width\":2303,\"height\":1299,\"caption\":\"Die Riegersburg\"},\"image\":{\"@id\":\"https:\\\/\\\/www.dieriegersburg.at\\\/#\\\/schema\\\/logo\\\/image\\\/\"},\"sameAs\":[\"https:\\\/\\\/www.facebook.com\\\/dieriegersburg\",\"https:\\\/\\\/www.instagram.com\\\/dieriegersburg\\\/\",\"https:\\\/\\\/www.youtube.com\\\/channel\\\/UC52iKTzM4gwcyU1dgTElFrw\"]}]}<\/script>\n<!-- \/ Yoast SEO plugin. -->","yoast_head_json":{"title":"Jobs - Burg Riegersburg","description":"Wir suchen Sie! Auf der Riegersburg gibt es immer etwas zu tun. Finden Sie hier offene Stellen und unters\u00fctzen Sie schon bald unser Team!","robots":{"index":"index","follow":"follow","max-snippet":"max-snippet:-1","max-image-preview":"max-image-preview:large","max-video-preview":"max-video-preview:-1"},"canonical":"https:\/\/www.dieriegersburg.at\/en\/jobs\/","og_locale":"en_GB","og_type":"article","og_title":"Jobs - Burg Riegersburg","og_description":"Wir suchen Sie! Auf der Riegersburg gibt es immer etwas zu tun. Finden Sie hier offene Stellen und unters\u00fctzen Sie schon bald unser Team!","og_url":"https:\/\/www.dieriegersburg.at\/en\/jobs\/","og_site_name":"Burg Riegersburg","article_publisher":"https:\/\/www.facebook.com\/dieriegersburg","article_modified_time":"2026-04-03T07:51:39+00:00","og_image":[{"width":2400,"height":1599,"url":"https:\/\/www.dieriegersburg.at\/wp-content\/uploads\/2024\/08\/Burg_Riegersburg_Westseite_Foto_Ferder.jpg","type":"image\/jpeg"}],"twitter_card":"summary_large_image","twitter_misc":{"Estimated reading time":"1 minute"},"schema":{"@context":"https:\/\/schema.org","@graph":[{"@type":"WebPage","@id":"https:\/\/www.dieriegersburg.at\/jobs\/","url":"https:\/\/www.dieriegersburg.at\/jobs\/","name":"Jobs - Burg Riegersburg","isPartOf":{"@id":"https:\/\/www.dieriegersburg.at\/#website"},"primaryImageOfPage":{"@id":"https:\/\/www.dieriegersburg.at\/jobs\/#primaryimage"},"image":{"@id":"https:\/\/www.dieriegersburg.at\/jobs\/#primaryimage"},"thumbnailUrl":"https:\/\/www.dieriegersburg.at\/wp-content\/uploads\/2024\/08\/Burg_Riegersburg_Westseite_Foto_Ferder-1024x682.jpg","datePublished":"2022-07-14T09:32:12+00:00","dateModified":"2026-04-03T07:51:39+00:00","description":"Wir suchen Sie! Auf der Riegersburg gibt es immer etwas zu tun. Finden Sie hier offene Stellen und unters\u00fctzen Sie schon bald unser Team!","breadcrumb":{"@id":"https:\/\/www.dieriegersburg.at\/jobs\/#breadcrumb"},"inLanguage":"en-GB","potentialAction":[{"@type":"ReadAction","target":["https:\/\/www.dieriegersburg.at\/jobs\/"]}]},{"@type":"ImageObject","inLanguage":"en-GB","@id":"https:\/\/www.dieriegersburg.at\/jobs\/#primaryimage","url":"https:\/\/www.dieriegersburg.at\/wp-content\/uploads\/2024\/08\/Burg_Riegersburg_Westseite_Foto_Ferder-1024x682.jpg","contentUrl":"https:\/\/www.dieriegersburg.at\/wp-content\/uploads\/2024\/08\/Burg_Riegersburg_Westseite_Foto_Ferder-1024x682.jpg"},{"@type":"BreadcrumbList","@id":"https:\/\/www.dieriegersburg.at\/jobs\/#breadcrumb","itemListElement":[{"@type":"ListItem","position":1,"name":"Startseite","item":"https:\/\/www.dieriegersburg.at\/"},{"@type":"ListItem","position":2,"name":"Jobs"}]},{"@type":"WebSite","@id":"https:\/\/www.dieriegersburg.at\/#website","url":"https:\/\/www.dieriegersburg.at\/","name":"Burg Riegersburg","description":"Die Burg Riegersburg erleben","publisher":{"@id":"https:\/\/www.dieriegersburg.at\/#organization"},"potentialAction":[{"@type":"SearchAction","target":{"@type":"EntryPoint","urlTemplate":"https:\/\/www.dieriegersburg.at\/?s={search_term_string}"},"query-input":{"@type":"PropertyValueSpecification","valueRequired":true,"valueName":"search_term_string"}}],"inLanguage":"en-GB"},{"@type":"Organization","@id":"https:\/\/www.dieriegersburg.at\/#organization","name":"Die Riegersburg","url":"https:\/\/www.dieriegersburg.at\/","logo":{"@type":"ImageObject","inLanguage":"en-GB","@id":"https:\/\/www.dieriegersburg.at\/#\/schema\/logo\/image\/","url":"https:\/\/www.dieriegersburg.at\/wp-content\/uploads\/2022\/01\/Riegersburg_Logo_2022_rgb.png","contentUrl":"https:\/\/www.dieriegersburg.at\/wp-content\/uploads\/2022\/01\/Riegersburg_Logo_2022_rgb.png","width":2303,"height":1299,"caption":"Die Riegersburg"},"image":{"@id":"https:\/\/www.dieriegersburg.at\/#\/schema\/logo\/image\/"},"sameAs":["https:\/\/www.facebook.com\/dieriegersburg","https:\/\/www.instagram.com\/dieriegersburg\/","https:\/\/www.youtube.com\/channel\/UC52iKTzM4gwcyU1dgTElFrw"]}]}},"_links":{"self":[{"href":"https:\/\/www.dieriegersburg.at\/en\/wp-json\/wp\/v2\/pages\/5158","targetHints":{"allow":["GET"]}}],"collection":[{"href":"https:\/\/www.dieriegersburg.at\/en\/wp-json\/wp\/v2\/pages"}],"about":[{"href":"https:\/\/www.dieriegersburg.at\/en\/wp-json\/wp\/v2\/types\/page"}],"author":[{"embeddable":true,"href":"https:\/\/www.dieriegersburg.at\/en\/wp-json\/wp\/v2\/users\/6"}],"replies":[{"embeddable":true,"href":"https:\/\/www.dieriegersburg.at\/en\/wp-json\/wp\/v2\/comments?post=5158"}],"version-history":[{"count":10,"href":"https:\/\/www.dieriegersburg.at\/en\/wp-json\/wp\/v2\/pages\/5158\/revisions"}],"predecessor-version":[{"id":12107,"href":"https:\/\/www.dieriegersburg.at\/en\/wp-json\/wp\/v2\/pages\/5158\/revisions\/12107"}],"wp:attachment":[{"href":"https:\/\/www.dieriegersburg.at\/en\/wp-json\/wp\/v2\/media?parent=5158"}],"curies":[{"name":"wp","href":"https:\/\/api.w.org\/{rel}","templated":true}]}}