{"id":6043,"date":"2023-02-02T09:29:46","date_gmt":"2023-02-02T08:29:46","guid":{"rendered":"https:\/\/www.dieriegersburg.at\/?page_id=6043"},"modified":"2026-01-19T10:07:07","modified_gmt":"2026-01-19T09:07:07","slug":"packages","status":"publish","type":"page","link":"https:\/\/www.dieriegersburg.at\/en\/packages\/","title":{"rendered":"Packages"},"content":{"rendered":"<div data-elementor-type=\"wp-page\" data-elementor-id=\"6043\" class=\"elementor elementor-6043\" data-elementor-post-type=\"page\">\n\t\t\t\t\t\t<section class=\"elementor-section elementor-top-section elementor-element elementor-element-c9317df elementor-section-full_width elementor-section-height-default elementor-section-height-default parallax_section_no qode_elementor_container_no\" data-id=\"c9317df\" data-element_type=\"section\" data-e-type=\"section\" data-settings=\"{&quot;background_background&quot;:&quot;gradient&quot;}\">\n\t\t\t\t\t\t<div class=\"elementor-container elementor-column-gap-default\">\n\t\t\t\t\t<div class=\"elementor-column elementor-col-100 elementor-top-column elementor-element elementor-element-922a8bf\" data-id=\"922a8bf\" data-element_type=\"column\" data-e-type=\"column\" data-settings=\"{&quot;background_background&quot;:&quot;classic&quot;}\">\n\t\t\t<div class=\"elementor-widget-wrap elementor-element-populated\">\n\t\t\t\t\t\t<div class=\"elementor-element elementor-element-db66c90 elementor-widget elementor-widget-spacer\" data-id=\"db66c90\" data-element_type=\"widget\" data-e-type=\"widget\" data-widget_type=\"spacer.default\">\n\t\t\t\t<div class=\"elementor-widget-container\">\n\t\t\t\t\t\t\t<div class=\"elementor-spacer\">\n\t\t\t<div class=\"elementor-spacer-inner\"><\/div>\n\t\t<\/div>\n\t\t\t\t\t\t<\/div>\n\t\t\t\t<\/div>\n\t\t\t\t\t<\/div>\n\t\t<\/div>\n\t\t\t\t\t<\/div>\n\t\t<\/section>\n\t\t\t\t<section class=\"elementor-section elementor-top-section elementor-element elementor-element-b14d564 elementor-section-boxed elementor-section-height-default elementor-section-height-default parallax_section_no qode_elementor_container_no\" data-id=\"b14d564\" data-element_type=\"section\" data-e-type=\"section\">\n\t\t\t\t\t\t\t<div class=\"elementor-background-overlay\"><\/div>\n\t\t\t\t\t\t\t<div class=\"elementor-container elementor-column-gap-default\">\n\t\t\t\t\t<div class=\"elementor-column elementor-col-100 elementor-top-column elementor-element elementor-element-9f2bd81\" data-id=\"9f2bd81\" data-element_type=\"column\" data-e-type=\"column\">\n\t\t\t<div class=\"elementor-widget-wrap elementor-element-populated\">\n\t\t\t\t\t\t<div class=\"elementor-element elementor-element-ad7d9f7 elementor-invisible elementor-widget elementor-widget-heading\" data-id=\"ad7d9f7\" data-element_type=\"widget\" data-e-type=\"widget\" data-settings=\"{&quot;_animation&quot;:&quot;fadeInLeft&quot;}\" data-widget_type=\"heading.default\">\n\t\t\t\t<div class=\"elementor-widget-container\">\n\t\t\t\t\t<h1 class=\"elementor-heading-title elementor-size-default\">CULINARY AND HISTORY<\/h1>\t\t\t\t<\/div>\n\t\t\t\t<\/div>\n\t\t\t\t\t<\/div>\n\t\t<\/div>\n\t\t\t\t\t<\/div>\n\t\t<\/section>\n\t\t\t\t<section class=\"elementor-section elementor-top-section elementor-element elementor-element-caf2bed elementor-section-boxed elementor-section-height-default elementor-section-height-default parallax_section_no qode_elementor_container_no\" data-id=\"caf2bed\" data-element_type=\"section\" data-e-type=\"section\">\n\t\t\t\t\t\t<div class=\"elementor-container elementor-column-gap-default\">\n\t\t\t\t\t<div class=\"elementor-column elementor-col-100 elementor-top-column elementor-element elementor-element-45c8a7e\" data-id=\"45c8a7e\" data-element_type=\"column\" data-e-type=\"column\">\n\t\t\t<div class=\"elementor-widget-wrap elementor-element-populated\">\n\t\t\t\t\t\t<div class=\"elementor-element elementor-element-e2f88cd elementor-widget elementor-widget-heading\" data-id=\"e2f88cd\" data-element_type=\"widget\" data-e-type=\"widget\" data-widget_type=\"heading.default\">\n\t\t\t\t<div class=\"elementor-widget-container\">\n\t\t\t\t\t<h2 class=\"elementor-heading-title elementor-size-default\">GROUP PACKAGES<\/h2>\t\t\t\t<\/div>\n\t\t\t\t<\/div>\n\t\t\t\t\t<\/div>\n\t\t<\/div>\n\t\t\t\t\t<\/div>\n\t\t<\/section>\n\t\t\t\t<section class=\"elementor-section elementor-top-section elementor-element elementor-element-c530814 elementor-section-boxed elementor-section-height-default elementor-section-height-default parallax_section_no qode_elementor_container_no\" data-id=\"c530814\" data-element_type=\"section\" data-e-type=\"section\" data-settings=\"{&quot;background_background&quot;:&quot;classic&quot;}\">\n\t\t\t\t\t\t<div class=\"elementor-container elementor-column-gap-default\">\n\t\t\t\t\t<div class=\"elementor-column elementor-col-100 elementor-top-column elementor-element elementor-element-d17e076\" data-id=\"d17e076\" data-element_type=\"column\" data-e-type=\"column\">\n\t\t\t<div class=\"elementor-widget-wrap elementor-element-populated\">\n\t\t\t\t\t\t<div class=\"elementor-element elementor-element-d0a8498 elementor-widget elementor-widget-text-editor\" data-id=\"d0a8498\" data-element_type=\"widget\" data-e-type=\"widget\" data-widget_type=\"text-editor.default\">\n\t\t\t\t<div class=\"elementor-widget-container\">\n\t\t\t\t\t\t\t\t\t<p><b>Our group packages for groups of 20 or more are specially designed for tour groups and organizers.<br \/><\/b><\/p>\t\t\t\t\t\t\t\t<\/div>\n\t\t\t\t<\/div>\n\t\t\t\t\t<\/div>\n\t\t<\/div>\n\t\t\t\t\t<\/div>\n\t\t<\/section>\n\t\t\t\t<section class=\"elementor-section elementor-top-section elementor-element elementor-element-d1184f5 c-columns-half elementor-section-boxed elementor-section-height-default elementor-section-height-default parallax_section_no qode_elementor_container_no\" data-id=\"d1184f5\" data-element_type=\"section\" data-e-type=\"section\">\n\t\t\t\t\t\t<div class=\"elementor-container elementor-column-gap-default\">\n\t\t\t\t\t<div class=\"elementor-column elementor-col-50 elementor-top-column elementor-element elementor-element-ed75882\" data-id=\"ed75882\" data-element_type=\"column\" data-e-type=\"column\" data-settings=\"{&quot;background_background&quot;:&quot;classic&quot;}\">\n\t\t\t<div class=\"elementor-widget-wrap elementor-element-populated\">\n\t\t\t\t\t\t<div class=\"elementor-element elementor-element-435601c elementor-widget elementor-widget-text-editor\" data-id=\"435601c\" data-element_type=\"widget\" data-e-type=\"widget\" data-widget_type=\"text-editor.default\">\n\t\t\t\t<div class=\"elementor-widget-container\">\n\t\t\t\t\t\t\t\t\t<h5 style=\"text-align: center;\">PACKAGE 1:<\/h5><h5 style=\"text-align: center;\">\u00a0<\/h5><h6 style=\"text-align: center;\">Ticket \"Knight\"<\/h6><p style=\"text-align: center;\"><strong>Price per person: <\/strong><\/p><p style=\"text-align: center;\"><strong>\u20ac 25,40<\/strong><\/p><p style=\"text-align: center;\"><strong>\u00a0<\/strong><\/p><ul><li style=\"text-align: left;\">Ascent and descent (by lift or via castle path)<\/li><li style=\"text-align: left;\">Visit of the three museums<\/li><li style=\"text-align: left;\">Guided tour of one museum<\/li><\/ul>\t\t\t\t\t\t\t\t<\/div>\n\t\t\t\t<\/div>\n\t\t\t\t\t<\/div>\n\t\t<\/div>\n\t\t\t\t<div class=\"elementor-column elementor-col-50 elementor-top-column elementor-element elementor-element-66d1bb1\" data-id=\"66d1bb1\" data-element_type=\"column\" data-e-type=\"column\" data-settings=\"{&quot;background_background&quot;:&quot;classic&quot;}\">\n\t\t\t<div class=\"elementor-widget-wrap elementor-element-populated\">\n\t\t\t\t\t\t<div class=\"elementor-element elementor-element-a6b626b elementor-widget elementor-widget-text-editor\" data-id=\"a6b626b\" data-element_type=\"widget\" data-e-type=\"widget\" data-widget_type=\"text-editor.default\">\n\t\t\t\t<div class=\"elementor-widget-container\">\n\t\t\t\t\t\t\t\t\t<h5 style=\"text-align: center;\">PACKAGE 2:<\/h5><h5 style=\"text-align: center;\">\u00a0<\/h5><h6 style=\"text-align: center;\">Ticket &amp; menu<\/h6><p style=\"text-align: center;\"><strong>Price per person: <\/strong><\/p><p style=\"text-align: center;\"><strong>\u20ac 51,30<\/strong><\/p><p style=\"text-align: center;\"><strong>\u00a0<\/strong><\/p><ul><li style=\"text-align: left;\">Ascent and descent (by lift or via castle path)<\/li><li style=\"text-align: left;\">Admission to the castle, witch and weapons museum<\/li><li style=\"text-align: left;\">Guided tour of one museum<\/li><li style=\"text-align: left;\">2-course menu including a drink served in a clay mug at our castle tavern (self-service). The clay mug is included as a gift in the package.<\/li><\/ul>\t\t\t\t\t\t\t\t<\/div>\n\t\t\t\t<\/div>\n\t\t\t\t\t<\/div>\n\t\t<\/div>\n\t\t\t\t\t<\/div>\n\t\t<\/section>\n\t\t\t\t<section class=\"elementor-section elementor-top-section elementor-element elementor-element-19feb38 c-columns-half elementor-section-boxed elementor-section-height-default elementor-section-height-default parallax_section_no qode_elementor_container_no\" data-id=\"19feb38\" data-element_type=\"section\" data-e-type=\"section\">\n\t\t\t\t\t\t<div class=\"elementor-container elementor-column-gap-default\">\n\t\t\t\t\t<div class=\"elementor-column elementor-col-50 elementor-top-column elementor-element elementor-element-784a5c2\" data-id=\"784a5c2\" data-element_type=\"column\" data-e-type=\"column\" data-settings=\"{&quot;background_background&quot;:&quot;classic&quot;}\">\n\t\t\t<div class=\"elementor-widget-wrap elementor-element-populated\">\n\t\t\t\t\t\t<div class=\"elementor-element elementor-element-5710076 elementor-widget elementor-widget-text-editor\" data-id=\"5710076\" data-element_type=\"widget\" data-e-type=\"widget\" data-widget_type=\"text-editor.default\">\n\t\t\t\t<div class=\"elementor-widget-container\">\n\t\t\t\t\t\t\t\t\t<h5 style=\"text-align: center;\">PACKAGE 3:<\/h5><h5 style=\"text-align: center;\">\u00a0<\/h5><h6 style=\"text-align: center;\">Ticket \"Prince\"<\/h6><p style=\"text-align: center;\"><strong>Price per person:<\/strong><\/p><p style=\"text-align: center;\"><strong>\u20ac 37,40<\/strong><\/p><p style=\"text-align: center;\"><strong>\u00a0<\/strong><\/p><ul><li style=\"text-align: left;\">Ascent and descent (by lift or via castle path)<\/li><li style=\"text-align: left;\">Admission to the castle, witch and weapons museum<\/li><li style=\"text-align: left;\"><span style=\"color: var( --e-global-color-text ); font-family: var( --e-global-typography-text-font-family ), Sans-serif; font-weight: var( --e-global-typography-text-font-weight );\">Guided tour of one museum<\/span><\/li><li style=\"text-align: left;\"><span style=\"color: var( --e-global-color-text ); font-family: var( --e-global-typography-text-font-family ), Sans-serif; font-weight: var( --e-global-typography-text-font-weight );\">Bird of prey show *<\/span><\/li><\/ul>\t\t\t\t\t\t\t\t<\/div>\n\t\t\t\t<\/div>\n\t\t\t\t\t<\/div>\n\t\t<\/div>\n\t\t\t\t<div class=\"elementor-column elementor-col-50 elementor-top-column elementor-element elementor-element-8d92393\" data-id=\"8d92393\" data-element_type=\"column\" data-e-type=\"column\" data-settings=\"{&quot;background_background&quot;:&quot;classic&quot;}\">\n\t\t\t<div class=\"elementor-widget-wrap elementor-element-populated\">\n\t\t\t\t\t\t<div class=\"elementor-element elementor-element-714f254 elementor-widget elementor-widget-text-editor\" data-id=\"714f254\" data-element_type=\"widget\" data-e-type=\"widget\" data-widget_type=\"text-editor.default\">\n\t\t\t\t<div class=\"elementor-widget-container\">\n\t\t\t\t\t\t\t\t\t<h5 style=\"text-align: center;\">PACKAGE 4:<\/h5><h5 style=\"text-align: center;\">\u00a0<\/h5><h6 style=\"text-align: center;\">Ticket &amp; menu<\/h6><p style=\"text-align: center;\"><strong>Price per person:<\/strong><\/p><p style=\"text-align: center;\"><strong>\u20ac 63,30<\/strong><\/p><p style=\"text-align: center;\"><strong>\u00a0<\/strong><\/p><ul><li style=\"text-align: left;\">Ascent and descent (by lift or via castle path)<\/li><li style=\"text-align: left;\">Admission to the castle, witch and weapons museum<\/li><li style=\"text-align: left;\"><span style=\"color: var( --e-global-color-text ); font-family: var( --e-global-typography-text-font-family ), Sans-serif; font-weight: var( --e-global-typography-text-font-weight );\">Guided tour of one museum<\/span><\/li><li style=\"text-align: left;\">2-course menu including a drink served in a clay mug at our castle tavern (self-service). The clay mug is included as a gift in the package.<\/li><li style=\"text-align: left;\"><span style=\"color: var( --e-global-color-text ); font-family: var( --e-global-typography-text-font-family ), Sans-serif; font-weight: var( --e-global-typography-text-font-weight );\">Bird of prey show *<\/span><\/li><\/ul>\t\t\t\t\t\t\t\t<\/div>\n\t\t\t\t<\/div>\n\t\t\t\t\t<\/div>\n\t\t<\/div>\n\t\t\t\t\t<\/div>\n\t\t<\/section>\n\t\t\t\t<section class=\"elementor-section elementor-top-section elementor-element elementor-element-6304fa4 elementor-section-boxed elementor-section-height-default elementor-section-height-default parallax_section_no qode_elementor_container_no\" data-id=\"6304fa4\" data-element_type=\"section\" data-e-type=\"section\" data-settings=\"{&quot;background_background&quot;:&quot;classic&quot;}\">\n\t\t\t\t\t\t<div class=\"elementor-container elementor-column-gap-default\">\n\t\t\t\t\t<div class=\"elementor-column elementor-col-50 elementor-top-column elementor-element elementor-element-e86e738\" data-id=\"e86e738\" data-element_type=\"column\" data-e-type=\"column\">\n\t\t\t<div class=\"elementor-widget-wrap elementor-element-populated\">\n\t\t\t\t\t\t<div class=\"elementor-element elementor-element-9f75035 elementor-widget elementor-widget-text-editor\" data-id=\"9f75035\" data-element_type=\"widget\" data-e-type=\"widget\" data-widget_type=\"text-editor.default\">\n\t\t\t\t<div class=\"elementor-widget-container\">\n\t\t\t\t\t\t\t\t\t<p><strong>Reservation absolutely necessary. Call us at <a href=\"tel:+4331538213\" target=\"_blank\" rel=\"noopener\">+43 (0) 3153 82 13<\/a>\u00a0or send us an\u00a0<a href=\"mailto:webredirect%40dieriegersburg.at\" target=\"_blank\" rel=\"noopener\">email<\/a>\u00a0for reservations.<\/strong><\/p><p>These packages are valid for groups of 20 people or more.<\/p><p>All prices in euros including VAT, valid for the 2026 season. Package price valid per person.<\/p><p>Duration of ascent or descent: 20-30 minutes, Duration of museum tour: approx. 1 hour, Duration of bird of prey show: approx. 1 hour<\/p><p><strong>bird of prey shows:<\/strong> Monday to Saturday: 11:00 &amp; 15:00, Sunday and public holiday: 11:00, 14:00 &amp; 16:00<\/p><p>Tour guide \/ coach driver: free admission<\/p>\t\t\t\t\t\t\t\t<\/div>\n\t\t\t\t<\/div>\n\t\t\t\t\t<\/div>\n\t\t<\/div>\n\t\t\t\t<div class=\"elementor-column elementor-col-50 elementor-top-column elementor-element elementor-element-10a900a\" data-id=\"10a900a\" data-element_type=\"column\" data-e-type=\"column\">\n\t\t\t<div class=\"elementor-widget-wrap elementor-element-populated\">\n\t\t\t\t\t\t<section class=\"elementor-section elementor-inner-section elementor-element elementor-element-bfda1e3 elementor-section-boxed elementor-section-height-default elementor-section-height-default parallax_section_no qode_elementor_container_no elementor-invisible\" data-id=\"bfda1e3\" data-element_type=\"section\" data-e-type=\"section\" data-settings=\"{&quot;background_background&quot;:&quot;classic&quot;,&quot;animation&quot;:&quot;fadeInUp&quot;}\">\n\t\t\t\t\t\t<div class=\"elementor-container elementor-column-gap-default\">\n\t\t\t\t\t<div class=\"elementor-column elementor-col-50 elementor-inner-column elementor-element elementor-element-e124249\" data-id=\"e124249\" data-element_type=\"column\" data-e-type=\"column\">\n\t\t\t<div class=\"elementor-widget-wrap elementor-element-populated\">\n\t\t\t\t\t\t<div class=\"elementor-element elementor-element-cdd0872 elementor-view-default elementor-widget elementor-widget-icon\" data-id=\"cdd0872\" data-element_type=\"widget\" data-e-type=\"widget\" data-widget_type=\"icon.default\">\n\t\t\t\t<div class=\"elementor-widget-container\">\n\t\t\t\t\t\t\t<div class=\"elementor-icon-wrapper\">\n\t\t\t<a class=\"elementor-icon\" href=\"https:\/\/www.naturbursch.at\/klettern\/klettersteige.html\" target=\"_blank\">\n\t\t\t<i aria-hidden=\"true\" class=\"fas fa-info-circle\"><\/i>\t\t\t<\/a>\n\t\t<\/div>\n\t\t\t\t\t\t<\/div>\n\t\t\t\t<\/div>\n\t\t\t\t\t<\/div>\n\t\t<\/div>\n\t\t\t\t<div class=\"elementor-column elementor-col-50 elementor-inner-column elementor-element elementor-element-7619a6b\" data-id=\"7619a6b\" data-element_type=\"column\" data-e-type=\"column\">\n\t\t\t<div class=\"elementor-widget-wrap elementor-element-populated\">\n\t\t\t\t\t\t<div class=\"elementor-element elementor-element-7668939 elementor-widget elementor-widget-heading\" data-id=\"7668939\" data-element_type=\"widget\" data-e-type=\"widget\" data-widget_type=\"heading.default\">\n\t\t\t\t<div class=\"elementor-widget-container\">\n\t\t\t\t\t<h4 class=\"elementor-heading-title elementor-size-large\"><a href=\"\/wp-content\/uploads\/Gruppen_Packages_2026.pdf\" target=\"_blank\">INFO FLYER PDF<\/a><\/h4>\t\t\t\t<\/div>\n\t\t\t\t<\/div>\n\t\t\t\t\t<\/div>\n\t\t<\/div>\n\t\t\t\t\t<\/div>\n\t\t<\/section>\n\t\t\t\t\t<\/div>\n\t\t<\/div>\n\t\t\t\t\t<\/div>\n\t\t<\/section>\n\t\t\t\t<\/div>","protected":false},"excerpt":{"rendered":"<p>KULINARIK UND GESCHICHTE GRUPPEN-PACKAGES Unsere Gruppen-Packages f\u00fcr Gruppen ab 20 Personen richten sich speziell an Reisegruppen und Veranstalter. PACKAGE 1: \u00a0 Ritterticket Preis pro Person: \u20ac 25,40 \u00a0 Auf- und Abstieg (per Lift oder \u00fcber den Fu\u00dfweg) Besichtigung der drei Museen F\u00fchrung durch ein Museum&#8230;<\/p>","protected":false},"author":6,"featured_media":0,"parent":0,"menu_order":0,"comment_status":"closed","ping_status":"open","template":"full_width.php","meta":{"inline_featured_image":false,"footnotes":""},"class_list":["post-6043","page","type-page","status-publish","hentry"],"yoast_head":"<!-- This site is optimized with the Yoast SEO plugin v27.6 - https:\/\/yoast.com\/product\/yoast-seo-wordpress\/ -->\n<title>Packages - Burg Riegersburg<\/title>\n<meta name=\"description\" content=\"Unsere Gruppen-Packages f\u00fcr Gruppen ab 20 Personen richten sich speziell an Reisegruppen und Veranstalter. Reservierung erforderlich!\" \/>\n<meta name=\"robots\" content=\"index, follow, max-snippet:-1, max-image-preview:large, max-video-preview:-1\" \/>\n<link rel=\"canonical\" href=\"https:\/\/www.dieriegersburg.at\/en\/packages\/\" \/>\n<meta property=\"og:locale\" content=\"en_GB\" \/>\n<meta property=\"og:type\" content=\"article\" \/>\n<meta property=\"og:title\" content=\"Packages - Burg Riegersburg\" \/>\n<meta property=\"og:description\" content=\"Unsere Gruppen-Packages f\u00fcr Gruppen ab 20 Personen richten sich speziell an Reisegruppen und Veranstalter. Reservierung erforderlich!\" \/>\n<meta property=\"og:url\" content=\"https:\/\/www.dieriegersburg.at\/en\/packages\/\" \/>\n<meta property=\"og:site_name\" content=\"Burg Riegersburg\" \/>\n<meta property=\"article:publisher\" content=\"https:\/\/www.facebook.com\/dieriegersburg\" \/>\n<meta property=\"article:modified_time\" content=\"2026-01-19T09:07:07+00:00\" \/>\n<meta name=\"twitter:card\" content=\"summary_large_image\" \/>\n<meta name=\"twitter:label1\" content=\"Estimated reading time\" \/>\n\t<meta name=\"twitter:data1\" content=\"2 minutes\" \/>\n<script type=\"application\/ld+json\" class=\"yoast-schema-graph\">{\"@context\":\"https:\\\/\\\/schema.org\",\"@graph\":[{\"@type\":\"WebPage\",\"@id\":\"https:\\\/\\\/www.dieriegersburg.at\\\/packages\\\/\",\"url\":\"https:\\\/\\\/www.dieriegersburg.at\\\/packages\\\/\",\"name\":\"Packages - Burg Riegersburg\",\"isPartOf\":{\"@id\":\"https:\\\/\\\/www.dieriegersburg.at\\\/#website\"},\"datePublished\":\"2023-02-02T08:29:46+00:00\",\"dateModified\":\"2026-01-19T09:07:07+00:00\",\"description\":\"Unsere Gruppen-Packages f\u00fcr Gruppen ab 20 Personen richten sich speziell an Reisegruppen und Veranstalter. Reservierung erforderlich!\",\"breadcrumb\":{\"@id\":\"https:\\\/\\\/www.dieriegersburg.at\\\/packages\\\/#breadcrumb\"},\"inLanguage\":\"en-GB\",\"potentialAction\":[{\"@type\":\"ReadAction\",\"target\":[\"https:\\\/\\\/www.dieriegersburg.at\\\/packages\\\/\"]}]},{\"@type\":\"BreadcrumbList\",\"@id\":\"https:\\\/\\\/www.dieriegersburg.at\\\/packages\\\/#breadcrumb\",\"itemListElement\":[{\"@type\":\"ListItem\",\"position\":1,\"name\":\"Startseite\",\"item\":\"https:\\\/\\\/www.dieriegersburg.at\\\/\"},{\"@type\":\"ListItem\",\"position\":2,\"name\":\"Packages\"}]},{\"@type\":\"WebSite\",\"@id\":\"https:\\\/\\\/www.dieriegersburg.at\\\/#website\",\"url\":\"https:\\\/\\\/www.dieriegersburg.at\\\/\",\"name\":\"Burg Riegersburg\",\"description\":\"Die Burg Riegersburg erleben\",\"publisher\":{\"@id\":\"https:\\\/\\\/www.dieriegersburg.at\\\/#organization\"},\"potentialAction\":[{\"@type\":\"SearchAction\",\"target\":{\"@type\":\"EntryPoint\",\"urlTemplate\":\"https:\\\/\\\/www.dieriegersburg.at\\\/?s={search_term_string}\"},\"query-input\":{\"@type\":\"PropertyValueSpecification\",\"valueRequired\":true,\"valueName\":\"search_term_string\"}}],\"inLanguage\":\"en-GB\"},{\"@type\":\"Organization\",\"@id\":\"https:\\\/\\\/www.dieriegersburg.at\\\/#organization\",\"name\":\"Die Riegersburg\",\"url\":\"https:\\\/\\\/www.dieriegersburg.at\\\/\",\"logo\":{\"@type\":\"ImageObject\",\"inLanguage\":\"en-GB\",\"@id\":\"https:\\\/\\\/www.dieriegersburg.at\\\/#\\\/schema\\\/logo\\\/image\\\/\",\"url\":\"https:\\\/\\\/www.dieriegersburg.at\\\/wp-content\\\/uploads\\\/2022\\\/01\\\/Riegersburg_Logo_2022_rgb.png\",\"contentUrl\":\"https:\\\/\\\/www.dieriegersburg.at\\\/wp-content\\\/uploads\\\/2022\\\/01\\\/Riegersburg_Logo_2022_rgb.png\",\"width\":2303,\"height\":1299,\"caption\":\"Die Riegersburg\"},\"image\":{\"@id\":\"https:\\\/\\\/www.dieriegersburg.at\\\/#\\\/schema\\\/logo\\\/image\\\/\"},\"sameAs\":[\"https:\\\/\\\/www.facebook.com\\\/dieriegersburg\",\"https:\\\/\\\/www.instagram.com\\\/dieriegersburg\\\/\",\"https:\\\/\\\/www.youtube.com\\\/channel\\\/UC52iKTzM4gwcyU1dgTElFrw\"]}]}<\/script>\n<!-- \/ Yoast SEO plugin. -->","yoast_head_json":{"title":"Packages - Burg Riegersburg","description":"Unsere Gruppen-Packages f\u00fcr Gruppen ab 20 Personen richten sich speziell an Reisegruppen und Veranstalter. Reservierung erforderlich!","robots":{"index":"index","follow":"follow","max-snippet":"max-snippet:-1","max-image-preview":"max-image-preview:large","max-video-preview":"max-video-preview:-1"},"canonical":"https:\/\/www.dieriegersburg.at\/en\/packages\/","og_locale":"en_GB","og_type":"article","og_title":"Packages - Burg Riegersburg","og_description":"Unsere Gruppen-Packages f\u00fcr Gruppen ab 20 Personen richten sich speziell an Reisegruppen und Veranstalter. Reservierung erforderlich!","og_url":"https:\/\/www.dieriegersburg.at\/en\/packages\/","og_site_name":"Burg Riegersburg","article_publisher":"https:\/\/www.facebook.com\/dieriegersburg","article_modified_time":"2026-01-19T09:07:07+00:00","twitter_card":"summary_large_image","twitter_misc":{"Estimated reading time":"2 minutes"},"schema":{"@context":"https:\/\/schema.org","@graph":[{"@type":"WebPage","@id":"https:\/\/www.dieriegersburg.at\/packages\/","url":"https:\/\/www.dieriegersburg.at\/packages\/","name":"Packages - Burg Riegersburg","isPartOf":{"@id":"https:\/\/www.dieriegersburg.at\/#website"},"datePublished":"2023-02-02T08:29:46+00:00","dateModified":"2026-01-19T09:07:07+00:00","description":"Unsere Gruppen-Packages f\u00fcr Gruppen ab 20 Personen richten sich speziell an Reisegruppen und Veranstalter. Reservierung erforderlich!","breadcrumb":{"@id":"https:\/\/www.dieriegersburg.at\/packages\/#breadcrumb"},"inLanguage":"en-GB","potentialAction":[{"@type":"ReadAction","target":["https:\/\/www.dieriegersburg.at\/packages\/"]}]},{"@type":"BreadcrumbList","@id":"https:\/\/www.dieriegersburg.at\/packages\/#breadcrumb","itemListElement":[{"@type":"ListItem","position":1,"name":"Startseite","item":"https:\/\/www.dieriegersburg.at\/"},{"@type":"ListItem","position":2,"name":"Packages"}]},{"@type":"WebSite","@id":"https:\/\/www.dieriegersburg.at\/#website","url":"https:\/\/www.dieriegersburg.at\/","name":"Burg Riegersburg","description":"Die Burg Riegersburg erleben","publisher":{"@id":"https:\/\/www.dieriegersburg.at\/#organization"},"potentialAction":[{"@type":"SearchAction","target":{"@type":"EntryPoint","urlTemplate":"https:\/\/www.dieriegersburg.at\/?s={search_term_string}"},"query-input":{"@type":"PropertyValueSpecification","valueRequired":true,"valueName":"search_term_string"}}],"inLanguage":"en-GB"},{"@type":"Organization","@id":"https:\/\/www.dieriegersburg.at\/#organization","name":"Die Riegersburg","url":"https:\/\/www.dieriegersburg.at\/","logo":{"@type":"ImageObject","inLanguage":"en-GB","@id":"https:\/\/www.dieriegersburg.at\/#\/schema\/logo\/image\/","url":"https:\/\/www.dieriegersburg.at\/wp-content\/uploads\/2022\/01\/Riegersburg_Logo_2022_rgb.png","contentUrl":"https:\/\/www.dieriegersburg.at\/wp-content\/uploads\/2022\/01\/Riegersburg_Logo_2022_rgb.png","width":2303,"height":1299,"caption":"Die Riegersburg"},"image":{"@id":"https:\/\/www.dieriegersburg.at\/#\/schema\/logo\/image\/"},"sameAs":["https:\/\/www.facebook.com\/dieriegersburg","https:\/\/www.instagram.com\/dieriegersburg\/","https:\/\/www.youtube.com\/channel\/UC52iKTzM4gwcyU1dgTElFrw"]}]}},"_links":{"self":[{"href":"https:\/\/www.dieriegersburg.at\/en\/wp-json\/wp\/v2\/pages\/6043","targetHints":{"allow":["GET"]}}],"collection":[{"href":"https:\/\/www.dieriegersburg.at\/en\/wp-json\/wp\/v2\/pages"}],"about":[{"href":"https:\/\/www.dieriegersburg.at\/en\/wp-json\/wp\/v2\/types\/page"}],"author":[{"embeddable":true,"href":"https:\/\/www.dieriegersburg.at\/en\/wp-json\/wp\/v2\/users\/6"}],"replies":[{"embeddable":true,"href":"https:\/\/www.dieriegersburg.at\/en\/wp-json\/wp\/v2\/comments?post=6043"}],"version-history":[{"count":10,"href":"https:\/\/www.dieriegersburg.at\/en\/wp-json\/wp\/v2\/pages\/6043\/revisions"}],"predecessor-version":[{"id":11433,"href":"https:\/\/www.dieriegersburg.at\/en\/wp-json\/wp\/v2\/pages\/6043\/revisions\/11433"}],"wp:attachment":[{"href":"https:\/\/www.dieriegersburg.at\/en\/wp-json\/wp\/v2\/media?parent=6043"}],"curies":[{"name":"wp","href":"https:\/\/api.w.org\/{rel}","templated":true}]}}